{"id":525,"date":"2025-06-10T00:11:54","date_gmt":"2025-06-09T22:11:54","guid":{"rendered":"https:\/\/panda-edu.at\/wordpress\/?page_id=525"},"modified":"2025-06-16T00:01:10","modified_gmt":"2025-06-15T22:01:10","slug":"smartphone-kompass-plus","status":"publish","type":"page","link":"https:\/\/panda-edu.at\/wordpress\/smartphone-kompass-plus\/","title":{"rendered":"Digital-Fit PLUS: Der Smartphone-Kompass"},"content":{"rendered":"\n<div class=\"wp-block-group alignfull is-vertical is-content-justification-center is-layout-flex wp-container-core-group-is-layout-e795610d wp-block-group-is-layout-flex\" style=\"padding-top:0;padding-right:var(--wp--preset--spacing--50);padding-bottom:0;padding-left:var(--wp--preset--spacing--50)\">\n<div style=\"height:0px\" aria-hidden=\"true\" class=\"wp-block-spacer wp-container-content-e1bb55cb\"><\/div>\n\n\n\n<h2 class=\"wp-block-heading has-text-align-center\"><strong>Digital-Fit <strong><em>PLUS<\/em><\/strong>: <br>Der Smartphone-Kompass<\/strong><\/h2>\n\n\n\n<div style=\"height:0px\" aria-hidden=\"true\" class=\"wp-block-spacer wp-container-content-e1bb55cb\"><\/div>\n<\/div>\n\n\n\n<div class=\"wp-block-group alignfull has-global-padding is-layout-constrained wp-container-core-group-is-layout-48dbd97c wp-block-group-is-layout-constrained\" style=\"padding-right:0px;padding-left:0px\">\n<div class=\"wp-block-columns alignwide are-vertically-aligned-center is-layout-flex wp-container-core-columns-is-layout-7442c3f0 wp-block-columns-is-layout-flex\" style=\"padding-right:20px;padding-left:20px\">\n<div class=\"wp-block-column is-vertically-aligned-center is-layout-flow wp-block-column-is-layout-flow\" style=\"flex-basis:60%\">\n<ul style=\"padding-top:0;padding-right:20px;padding-bottom:0;padding-left:20px;font-size:clamp(0.875rem, 0.875rem + ((1vw - 0.2rem) * 0.458), 1.15rem);\" class=\"wp-block-list is-style-checkmark-list\">\n<li style=\"margin-top:10px;margin-bottom:10px;font-size:clamp(0.875rem, 0.875rem + ((1vw - 0.2rem) * 0.542), 1.2rem);\">Die <strong>wichtigsten Smartphone-Funktionen<\/strong> in drei Terminen praxisnah erlernen<\/li>\n\n\n\n<li style=\"margin-top:10px;margin-bottom:10px;font-size:clamp(0.875rem, 0.875rem + ((1vw - 0.2rem) * 0.542), 1.2rem);\"><strong>Smartphone individuell einrichten:<\/strong> Startbildschirm gestalten, Klingelton ausw\u00e4hlen, Lautst\u00e4rke und Benachrichtigungen anpassen<\/li>\n\n\n\n<li>Sicher <strong>online kommunizieren<\/strong> mit WhatsApp oder Google Meet<\/li>\n\n\n\n<li style=\"margin-top:10px;margin-bottom:10px;font-size:clamp(0.875rem, 0.875rem + ((1vw - 0.2rem) * 0.542), 1.2rem);\"><strong>Fotos und Videos verwalten:<\/strong> Aufnehmen, sortieren, bearbeiten und in der Cloud sichern<\/li>\n\n\n\n<li><strong>Alltag meistern mit digitalen Tools<\/strong> wie z.B. Maps, Kalender oder Google Lens<\/li>\n<\/ul>\n<\/div>\n\n\n\n<div class=\"wp-block-column is-vertically-aligned-center is-layout-flow wp-block-column-is-layout-flow\" style=\"border-radius:0px;flex-basis:50%\">\n<figure class=\"wp-block-image size-large has-custom-border\"><img loading=\"lazy\" decoding=\"async\" width=\"1024\" height=\"768\" src=\"https:\/\/panda-edu.at\/wordpress\/wp-content\/uploads\/2024\/09\/IMG_2243-1024x768.jpg\" alt=\"\" class=\"wp-image-447\" style=\"border-radius:20px;object-fit:cover\" srcset=\"https:\/\/panda-edu.at\/wordpress\/wp-content\/uploads\/2024\/09\/IMG_2243-1024x768.jpg 1024w, https:\/\/panda-edu.at\/wordpress\/wp-content\/uploads\/2024\/09\/IMG_2243-300x225.jpg 300w, https:\/\/panda-edu.at\/wordpress\/wp-content\/uploads\/2024\/09\/IMG_2243-768x576.jpg 768w, https:\/\/panda-edu.at\/wordpress\/wp-content\/uploads\/2024\/09\/IMG_2243-1536x1152.jpg 1536w, https:\/\/panda-edu.at\/wordpress\/wp-content\/uploads\/2024\/09\/IMG_2243-2048x1536.jpg 2048w\" sizes=\"auto, (max-width: 1024px) 100vw, 1024px\" \/><\/figure>\n<\/div>\n<\/div>\n\n\n\n<div style=\"height:50px\" aria-hidden=\"true\" class=\"wp-block-spacer\"><\/div>\n\n\n\n<hr class=\"wp-block-separator alignwide has-text-color has-contrast-2-color has-alpha-channel-opacity has-contrast-2-background-color has-background is-style-wide\" style=\"margin-top:0;margin-bottom:0\"\/>\n<\/div>\n\n\n\n<div class=\"wp-block-group alignfull has-base-2-background-color has-background has-global-padding is-layout-constrained wp-container-core-group-is-layout-cd6163fc wp-block-group-is-layout-constrained\" style=\"margin-top:0;margin-bottom:0;padding-top:var(--wp--preset--spacing--10);padding-right:var(--wp--preset--spacing--50);padding-bottom:var(--wp--preset--spacing--10);padding-left:var(--wp--preset--spacing--50)\">\n<div class=\"wp-block-group is-vertical is-content-justification-center is-nowrap is-layout-flex wp-container-core-group-is-layout-9bcd2c63 wp-block-group-is-layout-flex\" style=\"margin-top:var(--wp--preset--spacing--10);margin-bottom:var(--wp--preset--spacing--10)\">\n<h2 class=\"wp-block-heading has-text-align-center is-style-default\"><strong>Inhalte<\/strong><\/h2>\n<\/div>\n\n\n\n<div style=\"margin-top:0;margin-bottom:0;height:40px\" aria-hidden=\"true\" class=\"wp-block-spacer\"><\/div>\n\n\n\n<div class=\"wp-block-columns alignwide is-layout-flex wp-container-core-columns-is-layout-d0bbbce0 wp-block-columns-is-layout-flex\">\n<div class=\"wp-block-column is-layout-flow wp-container-core-column-is-layout-e3d1c41b wp-block-column-is-layout-flow\">\n<h3 class=\"wp-block-heading has-text-align-left is-style-default has-body-font-family has-medium-font-size\" style=\"font-style:normal;font-weight:600\"><strong>Smartphone-Grundlagen vertiefen<\/strong><\/h3>\n\n\n\n<p class=\"has-text-align-left\" style=\"margin-top:5px;margin-bottom:var(--wp--preset--spacing--50)\">Verstehen, wie das Ger\u00e4t aufgebaut ist, welche Funktionen Android und iOS unterscheiden, und wie man Einstellungen gezielt anpasst.<\/p>\n<\/div>\n\n\n\n<div class=\"wp-block-column is-layout-flow wp-container-core-column-is-layout-e3d1c41b wp-block-column-is-layout-flow\">\n<h3 class=\"wp-block-heading has-text-align-left is-style-default has-body-font-family has-medium-font-size\" style=\"font-style:normal;font-weight:600\">Praktische \u00dcbungen<\/h3>\n\n\n\n<p class=\"has-text-align-left\" style=\"margin-top:5px;margin-bottom:var(--wp--preset--spacing--50)\">Anpassung des Startbildschirms, Kontakte &amp; Kalender pflegen, Apps (de)installieren und QR-Codes oder digitale Tickets nutzen.<\/p>\n<\/div>\n\n\n\n<div class=\"wp-block-column is-layout-flow wp-container-core-column-is-layout-e3d1c41b wp-block-column-is-layout-flow\">\n<h3 class=\"wp-block-heading has-text-align-left is-style-default has-body-font-family has-medium-font-size\" style=\"font-style:normal;font-weight:600\"><strong><strong>Ger\u00e4t optimal einstellen<\/strong><\/strong><\/h3>\n\n\n\n<p class=\"has-text-align-left\" style=\"margin-top:5px;margin-bottom:var(--wp--preset--spacing--50)\">Benachrichtigungen, Lautst\u00e4rke, Bildschirmhelligkeit oder Schriftgr\u00f6\u00dfe ver\u00e4ndern, WLAN-Verbindung einrichten, Energiesparfunktionen nutzen.<\/p>\n<\/div>\n<\/div>\n\n\n\n<div style=\"height:24px\" aria-hidden=\"true\" class=\"wp-block-spacer\"><\/div>\n\n\n\n<div class=\"wp-block-columns alignwide is-layout-flex wp-container-core-columns-is-layout-d0bbbce0 wp-block-columns-is-layout-flex\">\n<div class=\"wp-block-column is-layout-flow wp-container-core-column-is-layout-e3d1c41b wp-block-column-is-layout-flow\">\n<h3 class=\"wp-block-heading has-text-align-left is-style-default has-body-font-family has-medium-font-size\" style=\"font-style:normal;font-weight:600\"><strong>Medien sicher verwalten<\/strong><\/h3>\n\n\n\n<p class=\"has-text-align-left\" style=\"margin-top:5px;margin-bottom:var(--wp--preset--spacing--50)\">Fotos und Videos aufnehmen, bearbeiten, sortieren und in der Cloud (Google Fotos, OneDrive) speichern.<\/p>\n<\/div>\n\n\n\n<div class=\"wp-block-column is-layout-flow wp-container-core-column-is-layout-e3d1c41b wp-block-column-is-layout-flow\">\n<h3 class=\"wp-block-heading has-text-align-left is-style-default has-body-font-family has-medium-font-size\" style=\"font-style:normal;font-weight:600\"><strong>Kommunikationsm\u00f6glichkeiten nutzen<\/strong><\/h3>\n\n\n\n<p class=\"has-text-align-left\" style=\"margin-top:5px;margin-bottom:var(--wp--preset--spacing--50)\">Telefonieren, Videotelefonie mit WhatsApp oder Google Meet, Sprachnachrichten versenden, Inhalte teilen.<\/p>\n<\/div>\n\n\n\n<div class=\"wp-block-column is-layout-flow wp-container-core-column-is-layout-e3d1c41b wp-block-column-is-layout-flow\">\n<h3 class=\"wp-block-heading has-text-align-left is-style-default has-body-font-family has-medium-font-size\" style=\"font-style:normal;font-weight:600\">Datenschutz und App-Sicherheit<\/h3>\n\n\n\n<p class=\"has-text-align-left\" style=\"margin-top:5px;margin-bottom:var(--wp--preset--spacing--50)\">App-Berechtigungen verstehen, Bluetooth-Ger\u00e4te koppeln, Speicherplatz verwalten und Ger\u00e4tezugriff kontrollieren.<\/p>\n<\/div>\n<\/div>\n<\/div>\n\n\n\n<hr class=\"wp-block-separator alignwide has-text-color has-contrast-2-color has-alpha-channel-opacity has-contrast-2-background-color has-background is-style-wide\" style=\"margin-top:0px;margin-bottom:0px\"\/>\n\n\n\n<div class=\"wp-block-group alignfull has-global-padding is-layout-constrained wp-container-core-group-is-layout-cd6163fc wp-block-group-is-layout-constrained\" style=\"margin-top:0;margin-bottom:0;padding-top:var(--wp--preset--spacing--10);padding-right:var(--wp--preset--spacing--50);padding-bottom:var(--wp--preset--spacing--10);padding-left:var(--wp--preset--spacing--50)\">\n<div class=\"wp-block-group is-vertical is-content-justification-center is-nowrap is-layout-flex wp-container-core-group-is-layout-9bcd2c63 wp-block-group-is-layout-flex\" style=\"margin-top:var(--wp--preset--spacing--10);margin-bottom:var(--wp--preset--spacing--10)\">\n<h2 class=\"wp-block-heading has-text-align-center is-style-default\"><strong>Methoden<\/strong><\/h2>\n<\/div>\n\n\n\n<div style=\"margin-top:0;margin-bottom:0;height:40px\" aria-hidden=\"true\" class=\"wp-block-spacer\"><\/div>\n\n\n\n<div class=\"wp-block-columns alignwide is-layout-flex wp-container-core-columns-is-layout-d0bbbce0 wp-block-columns-is-layout-flex\">\n<div class=\"wp-block-column is-layout-flow wp-container-core-column-is-layout-e3d1c41b wp-block-column-is-layout-flow\">\n<h3 class=\"wp-block-heading has-text-align-left is-style-default has-body-font-family has-medium-font-size\" style=\"font-style:normal;font-weight:600\">Pr\u00e4sentationen<\/h3>\n\n\n\n<p class=\"has-text-align-left\" style=\"margin-top:5px;margin-bottom:var(--wp--preset--spacing--50)\">zu jedem Kapitel mit anschlie\u00dfendem Kahoot-Quiz, um das neue Wissen spielerisch zu festigen.<\/p>\n<\/div>\n\n\n\n<div class=\"wp-block-column is-layout-flow wp-container-core-column-is-layout-e3d1c41b wp-block-column-is-layout-flow\">\n<h3 class=\"wp-block-heading has-text-align-left is-style-default has-body-font-family has-medium-font-size\" style=\"font-style:normal;font-weight:600\">Handout mit Anleitungen<\/h3>\n\n\n\n<p class=\"has-text-align-left\" style=\"margin-top:5px;margin-bottom:var(--wp--preset--spacing--50)\">f\u00fcr alle praktischen \u00dcbungen, welches f\u00fcr die Betriebssysteme <em>iOS, Android <\/em>und <em>Emporia<\/em> verf\u00fcgbar ist.<\/p>\n<\/div>\n\n\n\n<div class=\"wp-block-column is-layout-flow wp-container-core-column-is-layout-e3d1c41b wp-block-column-is-layout-flow\">\n<h3 class=\"wp-block-heading has-text-align-left is-style-default has-body-font-family has-medium-font-size\" style=\"font-style:normal;font-weight:600\">Interaktive Elemente<\/h3>\n\n\n\n<p class=\"has-text-align-left\" style=\"margin-top:5px;margin-bottom:var(--wp--preset--spacing--50)\">Demonstration der Funktionen des Smartphones und offene Diskussion und Fragen.<\/p>\n<\/div>\n<\/div>\n<\/div>\n\n\n\n<hr class=\"wp-block-separator alignwide has-text-color has-contrast-2-color has-alpha-channel-opacity has-contrast-2-background-color has-background is-style-wide\" style=\"margin-top:0px;margin-bottom:0px\"\/>\n\n\n\n<div class=\"wp-block-group alignfull has-base-2-background-color has-background has-global-padding is-layout-constrained wp-container-core-group-is-layout-cd6163fc wp-block-group-is-layout-constrained\" style=\"margin-top:0;margin-bottom:0;padding-top:var(--wp--preset--spacing--10);padding-right:var(--wp--preset--spacing--50);padding-bottom:var(--wp--preset--spacing--10);padding-left:var(--wp--preset--spacing--50)\">\n<div class=\"wp-block-group is-vertical is-content-justification-center is-nowrap is-layout-flex wp-container-core-group-is-layout-9bcd2c63 wp-block-group-is-layout-flex\" style=\"margin-top:var(--wp--preset--spacing--10);margin-bottom:var(--wp--preset--spacing--10)\">\n<h2 class=\"wp-block-heading has-text-align-center is-style-default\"><strong>Voraussetzungen f\u00fcr Teilnehmende<\/strong><\/h2>\n<\/div>\n\n\n\n<div style=\"margin-top:0;margin-bottom:0;height:40px\" aria-hidden=\"true\" class=\"wp-block-spacer\"><\/div>\n\n\n\n<div class=\"wp-block-columns alignwide is-layout-flex wp-container-core-columns-is-layout-d0bbbce0 wp-block-columns-is-layout-flex\">\n<div class=\"wp-block-column is-layout-flow wp-container-core-column-is-layout-e3d1c41b wp-block-column-is-layout-flow\">\n<h3 class=\"wp-block-heading has-text-align-left is-style-default has-body-font-family has-medium-font-size\" style=\"font-style:normal;font-weight:600\">Eigenes Smartphone<\/h3>\n\n\n\n<p class=\"has-text-align-left\" style=\"margin-top:5px;margin-bottom:var(--wp--preset--spacing--50)\">Genutzt werden k\u00f6nnen Ger\u00e4te mit den g\u00e4ngigen Betriebssystemen (iOS, Android und Emporia).<\/p>\n<\/div>\n\n\n\n<div class=\"wp-block-column is-layout-flow wp-container-core-column-is-layout-e3d1c41b wp-block-column-is-layout-flow\">\n<h3 class=\"wp-block-heading has-text-align-left is-style-default has-body-font-family has-medium-font-size\" style=\"font-style:normal;font-weight:600\">Keine digitalen Vorkenntnisse n\u00f6tig<\/h3>\n\n\n\n<p class=\"has-text-align-left\" style=\"margin-top:5px;margin-bottom:var(--wp--preset--spacing--50)\">Die Teilnehmenden m\u00fcssen <strong>nicht<\/strong> \u00fcber bestimmte digitale Vorkenntnisse verf\u00fcgen, um am Workshop teilzunehmen.<\/p>\n<\/div>\n<\/div>\n<\/div>\n\n\n\n<hr class=\"wp-block-separator alignwide has-text-color has-contrast-2-color has-alpha-channel-opacity has-contrast-2-background-color has-background is-style-wide\" style=\"margin-top:0px;margin-bottom:0px\"\/>\n\n\n\n<div class=\"wp-block-group alignfull has-global-padding is-layout-constrained wp-container-core-group-is-layout-cd6163fc wp-block-group-is-layout-constrained\" style=\"margin-top:0;margin-bottom:0;padding-top:var(--wp--preset--spacing--10);padding-right:var(--wp--preset--spacing--50);padding-bottom:var(--wp--preset--spacing--10);padding-left:var(--wp--preset--spacing--50)\">\n<div class=\"wp-block-group is-vertical is-content-justification-center is-nowrap is-layout-flex wp-container-core-group-is-layout-9bcd2c63 wp-block-group-is-layout-flex\" style=\"margin-top:var(--wp--preset--spacing--10);margin-bottom:var(--wp--preset--spacing--10)\">\n<h2 class=\"wp-block-heading has-text-align-center is-style-default\"><strong><strong>Organisatorisches<\/strong><\/strong><\/h2>\n<\/div>\n\n\n\n<div style=\"margin-top:0;margin-bottom:0;height:40px\" aria-hidden=\"true\" class=\"wp-block-spacer\"><\/div>\n\n\n\n<div class=\"wp-block-columns alignwide is-layout-flex wp-container-core-columns-is-layout-d0bbbce0 wp-block-columns-is-layout-flex\">\n<div class=\"wp-block-column is-layout-flow wp-container-core-column-is-layout-e3d1c41b wp-block-column-is-layout-flow\">\n<h3 class=\"wp-block-heading has-text-align-left is-style-default has-body-font-family has-medium-font-size\" style=\"font-style:normal;font-weight:600\">Aufbau der Workshop-Serie:<\/h3>\n\n\n\n<p class=\"has-text-align-left\" style=\"margin-top:5px;margin-bottom:var(--wp--preset--spacing--50)\">Insgesamt <strong><span style=\"text-decoration: underline;\">12 Unterrichtseinheiten<\/span><\/strong> \u00e1 50 Minuten aufgeteilt auf drei Termine zu je 4 UE. <br><strong><span style=\"text-decoration: underline;\">Optionale Sprechstunde<\/span><\/strong> (1,5 UE) nach Abschluss der Serie f\u00fcr individuelle R\u00fcckfragen. <\/p>\n<\/div>\n\n\n\n<div class=\"wp-block-column is-layout-flow wp-container-core-column-is-layout-e3d1c41b wp-block-column-is-layout-flow\">\n<h3 class=\"wp-block-heading has-text-align-left is-style-default has-body-font-family has-medium-font-size\" style=\"font-style:normal;font-weight:600\">Anzahl der Teilnehmenden:<\/h3>\n\n\n\n<p class=\"has-text-align-left\" style=\"margin-top:5px;margin-bottom:var(--wp--preset--spacing--50)\">Zwischen<strong><span style=\"text-decoration: underline;\"> 6 und 12 Personen<\/span><\/strong>, wobei alle am ersten Termin anwesend sein m\u00fcssen. <\/p>\n<\/div>\n<\/div>\n\n\n\n<div class=\"wp-block-columns alignwide is-layout-flex wp-container-core-columns-is-layout-d0bbbce0 wp-block-columns-is-layout-flex\">\n<div class=\"wp-block-column is-layout-flow wp-container-core-column-is-layout-e3d1c41b wp-block-column-is-layout-flow\">\n<h3 class=\"wp-block-heading has-text-align-left is-style-default has-body-font-family has-medium-font-size\" style=\"font-style:normal;font-weight:600\">Technische Ausstattung der Kursr\u00e4ume:<\/h3>\n\n\n\n<p class=\"has-text-align-left\" style=\"margin-top:5px;margin-bottom:var(--wp--preset--spacing--50)\"><strong>Beamer<\/strong> oder Bildschirm mit <strong>HDMI-Eingang<\/strong> und eine stabilen <strong>Internetverbindung<\/strong><\/p>\n<\/div>\n\n\n\n<div class=\"wp-block-column is-layout-flow wp-container-core-column-is-layout-e3d1c41b wp-block-column-is-layout-flow\">\n<h3 class=\"wp-block-heading has-text-align-left is-style-default has-body-font-family has-medium-font-size\" style=\"font-style:normal;font-weight:600\"><strong>Sie m\u00f6chten das Angebot kostenlos f\u00fcr Ihre Organisation buchen?<\/strong><\/h3>\n\n\n\n<p class=\"has-text-align-left\" style=\"margin-top:5px;margin-bottom:var(--wp--preset--spacing--50)\">Alle Informationen zur Buchung finden Sie in unseren <strong><a href=\"https:\/\/panda-edu.at\/about-us\/#FAQs\" target=\"_blank\" rel=\"noreferrer noopener\">FAQs \u00bb<\/a><\/strong><\/p>\n<\/div>\n<\/div>\n<\/div>\n\n\n\n<p><\/p>\n","protected":false},"excerpt":{"rendered":"<p>Digital-Fit PLUS: Der Smartphone-Kompass Inhalte Smartphone-Grundlagen vertiefen Verstehen, wie das Ger\u00e4t aufgebaut ist, welche Funktionen Android und iOS unterscheiden, und wie man Einstellungen gezielt anpasst. Praktische \u00dcbungen Anpassung des Startbildschirms, Kontakte &amp; Kalender pflegen, Apps (de)installieren und QR-Codes oder digitale Tickets nutzen. Ger\u00e4t optimal einstellen Benachrichtigungen, Lautst\u00e4rke, Bildschirmhelligkeit oder Schriftgr\u00f6\u00dfe ver\u00e4ndern, WLAN-Verbindung einrichten, Energiesparfunktionen nutzen. [&hellip;]<\/p>\n","protected":false},"author":1,"featured_media":0,"parent":0,"menu_order":0,"comment_status":"closed","ping_status":"closed","template":"","meta":{"footnotes":""},"class_list":["post-525","page","type-page","status-publish","hentry"],"_links":{"self":[{"href":"https:\/\/panda-edu.at\/wordpress\/wp-json\/wp\/v2\/pages\/525","targetHints":{"allow":["GET"]}}],"collection":[{"href":"https:\/\/panda-edu.at\/wordpress\/wp-json\/wp\/v2\/pages"}],"about":[{"href":"https:\/\/panda-edu.at\/wordpress\/wp-json\/wp\/v2\/types\/page"}],"author":[{"embeddable":true,"href":"https:\/\/panda-edu.at\/wordpress\/wp-json\/wp\/v2\/users\/1"}],"replies":[{"embeddable":true,"href":"https:\/\/panda-edu.at\/wordpress\/wp-json\/wp\/v2\/comments?post=525"}],"version-history":[{"count":9,"href":"https:\/\/panda-edu.at\/wordpress\/wp-json\/wp\/v2\/pages\/525\/revisions"}],"predecessor-version":[{"id":557,"href":"https:\/\/panda-edu.at\/wordpress\/wp-json\/wp\/v2\/pages\/525\/revisions\/557"}],"wp:attachment":[{"href":"https:\/\/panda-edu.at\/wordpress\/wp-json\/wp\/v2\/media?parent=525"}],"curies":[{"name":"wp","href":"https:\/\/api.w.org\/{rel}","templated":true}]}}