{"id":322,"date":"2024-09-15T20:39:26","date_gmt":"2024-09-15T18:39:26","guid":{"rendered":"https:\/\/panda-edu.at\/wordpress\/?page_id=322"},"modified":"2025-06-19T11:26:28","modified_gmt":"2025-06-19T09:26:28","slug":"about-us","status":"publish","type":"page","link":"https:\/\/panda-edu.at\/wordpress\/about-us\/","title":{"rendered":"\u00dcber uns"},"content":{"rendered":"\n<div class=\"wp-block-group alignfull has-base-background-color has-background has-global-padding is-layout-constrained wp-container-core-group-is-layout-edc2874e wp-block-group-is-layout-constrained\" style=\"margin-top:0;margin-bottom:0;padding-top:var(--wp--preset--spacing--20);padding-right:var(--wp--preset--spacing--50);padding-bottom:var(--wp--preset--spacing--20);padding-left:var(--wp--preset--spacing--50)\">\n<h2 class=\"wp-block-heading has-text-align-center has-xx-large-font-size\"><strong>Was ist Panda Edu?<\/strong><\/h2>\n\n\n\n<div style=\"height:50px\" aria-hidden=\"true\" class=\"wp-block-spacer\"><\/div>\n\n\n\n<div class=\"wp-block-columns alignwide is-layout-flex wp-container-core-columns-is-layout-1da03c2a wp-block-columns-is-layout-flex\">\n<div class=\"wp-block-column is-vertically-aligned-stretch is-layout-flow wp-block-column-is-layout-flow\" style=\"flex-basis:50%\">\n<div class=\"wp-block-group is-vertical is-content-justification-stretch is-layout-flex wp-container-core-group-is-layout-8f18a2b3 wp-block-group-is-layout-flex\" style=\"min-height:60%\">\n<p class=\"has-heading-font-family has-large-font-size\" style=\"line-height:1.2\">Panda Edu wurde gegr\u00fcndet, um Menschen fit f\u00fcr die Digitalisierung zu machen. <br>Unser erfahrenes Team aus EDV-TrainerInnen vermittelt digitale Kompetenz mit Leidenschaft und Engagement<\/p>\n\n\n\n<div style=\"height:0px\" aria-hidden=\"true\" class=\"wp-block-spacer wp-container-content-e1bb55cb\"><\/div>\n\n\n\n<p class=\"wp-container-content-0733e5d0\">Wir machen Sie fit f\u00fcr die digitale Welt. <\/p>\n<\/div>\n<\/div>\n\n\n\n<div class=\"wp-block-column is-vertically-aligned-center is-layout-flow wp-block-column-is-layout-flow\" style=\"flex-basis:50%\">\n<div class=\"alignnormal\"><div id=\"metaslider-id-323\" style=\"width: 100%;\" class=\"ml-slider-3-91-0 metaslider metaslider-flex metaslider-323 ml-slider hide-arrows-smartphone hide-arrows-tablet hide-arrows-laptop hide-arrows-desktop ms-theme-default\" role=\"region\" aria-roledescription=\"Slideshow\" aria-label=\"\u00dcber uns 1\">\n    <div id=\"metaslider_container_323\">\n        <div id=\"metaslider_323\">\n            <ul class='slides'>\n                <li style=\"display: none; width: 100%;\" class=\"slide-451 ms-image \" aria-roledescription=\"slide\" aria-label=\"slide-451\"><img loading=\"lazy\" decoding=\"async\" src=\"https:\/\/panda-edu.at\/wordpress\/wp-content\/uploads\/2024\/09\/IMG_2243-900x600.jpg\" height=\"600\" width=\"900\" alt=\"\" class=\"slider-323 slide-451\" title=\"IMG_2243\" \/><\/li>\n                <li style=\"display: none; width: 100%;\" class=\"slide-452 ms-image \" aria-roledescription=\"slide\" aria-label=\"slide-452\"><img loading=\"lazy\" decoding=\"async\" src=\"https:\/\/panda-edu.at\/wordpress\/wp-content\/uploads\/2024\/09\/a148ba3d-ef65-487a-97b6-1d30db5e98a6-900x600.jpg\" height=\"600\" width=\"900\" alt=\"\" class=\"slider-323 slide-452\" title=\"a148ba3d-ef65-487a-97b6-1d30db5e98a6\" \/><\/li>\n            <\/ul>\n        <\/div>\n        \n    <\/div>\n<\/div><\/div>\n<\/div>\n<\/div>\n<\/div>\n\n\n\n<div class=\"wp-block-group alignfull has-accent-background-color has-background has-global-padding is-layout-constrained wp-container-core-group-is-layout-d89aad35 wp-block-group-is-layout-constrained\" style=\"margin-top:0;margin-bottom:0;padding-top:var(--wp--preset--spacing--50);padding-right:var(--wp--preset--spacing--50);padding-bottom:var(--wp--preset--spacing--50);padding-left:var(--wp--preset--spacing--50)\">\n<div class=\"wp-block-columns alignwide is-layout-flex wp-container-core-columns-is-layout-1da03c2a wp-block-columns-is-layout-flex\">\n<div class=\"wp-block-column is-layout-flow wp-block-column-is-layout-flow\" style=\"flex-basis:50%\">\n<p class=\"has-contrast-1-color has-text-color has-link-color has-medium-font-size wp-elements-8dd99f5488538015dc861dedf1ce9326\">Unsere <strong>Mission<\/strong> ist es, dieses Potenzial zu maximieren und anderen beizubringen, wie sie&nbsp;<strong>die Vorteile der Technologie nutzen<\/strong>&nbsp;k\u00f6nnen, ohne die potenziellen Risiken aus den Augen zu verlieren. Wir setzen uns daf\u00fcr ein, ein&nbsp;<strong>umfassendes Verst\u00e4ndnis<\/strong>&nbsp;und&nbsp;<strong>praktische F\u00e4higkeiten<\/strong>&nbsp;im Umgang mit digitalen Medien und Innovationen zu f\u00f6rdern.<\/p>\n\n\n\n<div style=\"height:30px\" aria-hidden=\"true\" class=\"wp-block-spacer\"><\/div>\n\n\n\n<p class=\"has-contrast-1-color has-text-color has-link-color has-medium-font-size wp-elements-be07c76f11337e8e07ceab3133834f68\">Unsere \u00dcberzeugung ist, dass in der modernen Welt technisches Verst\u00e4ndnis unerl\u00e4sslich ist, und wir sind bestrebt, dies f\u00fcr Menschen jeden&nbsp;<strong>Alters, Geschlechts, Herkunft und Bildungsgrad<\/strong>&nbsp;zug\u00e4nglich zu machen. Das erreichen wir durch unsere praxisorientierte und zug\u00e4ngliche Bildungsplattform, die es jedem erm\u00f6glicht, die&nbsp;<strong>Grundlagen der Digitalisierung<\/strong>&nbsp;zu erlernen.<\/p>\n<\/div>\n\n\n\n<div class=\"wp-block-column is-vertically-aligned-center is-layout-flow wp-block-column-is-layout-flow\" style=\"flex-basis:50%\">\n<div class=\"alignnormal\"><div id=\"metaslider-id-15\" style=\"width: 100%;\" class=\"ml-slider-3-91-0 metaslider metaslider-flex metaslider-15 ml-slider hide-arrows-smartphone hide-arrows-tablet hide-arrows-laptop hide-arrows-desktop ms-theme-default\" role=\"region\" aria-roledescription=\"Slideshow\" aria-label=\"Homepage\">\n    <div id=\"metaslider_container_15\">\n        <div id=\"metaslider_15\">\n            <ul class='slides'>\n                <li style=\"display: none; width: 100%;\" class=\"slide-449 ms-image \" aria-roledescription=\"slide\" aria-label=\"slide-449\"><img loading=\"lazy\" decoding=\"async\" src=\"https:\/\/panda-edu.at\/wordpress\/wp-content\/uploads\/2024\/09\/IMG_2245-900x600.jpg\" height=\"600\" width=\"900\" alt=\"\" class=\"slider-15 slide-449\" title=\"IMG_2245\" \/><\/li>\n                <li style=\"display: none; width: 100%;\" class=\"slide-34 ms-image \" aria-roledescription=\"slide\" aria-label=\"slide-34\"><img loading=\"lazy\" decoding=\"async\" src=\"https:\/\/panda-edu.at\/wordpress\/wp-content\/uploads\/2024\/09\/Logo-Querformat-900x600.png\" height=\"600\" width=\"900\" alt=\"\" class=\"slider-15 slide-34\" title=\"Logo Querformat\" \/><\/li>\n                <li style=\"display: none; width: 100%;\" class=\"slide-450 ms-image \" aria-roledescription=\"slide\" aria-label=\"slide-450\"><img loading=\"lazy\" decoding=\"async\" src=\"https:\/\/panda-edu.at\/wordpress\/wp-content\/uploads\/2024\/09\/IMG_2287-scaled-1-900x600.jpg\" height=\"600\" width=\"900\" alt=\"\" class=\"slider-15 slide-450\" title=\"IMG_2287-scaled\" \/><\/li>\n            <\/ul>\n        <\/div>\n        \n    <\/div>\n<\/div><\/div>\n<\/div>\n<\/div>\n<\/div>\n\n\n\n<div class=\"wp-block-group alignfull has-contrast-color has-base-background-color has-text-color has-background has-link-color wp-elements-a4d6c5ab495e3aeeafb8590ba3a476a7 has-global-padding is-layout-constrained wp-container-core-group-is-layout-d89aad35 wp-block-group-is-layout-constrained\" style=\"margin-top:0;margin-bottom:0;padding-top:var(--wp--preset--spacing--50);padding-right:var(--wp--preset--spacing--50);padding-bottom:var(--wp--preset--spacing--50);padding-left:var(--wp--preset--spacing--50)\">\n<h2 class=\"wp-block-heading alignwide is-style-default has-contrast-color has-text-color has-link-color wp-elements-6baafde63a3bf1b4165cfe4e1bda4f81\" id=\"FAQs\" style=\"font-size:clamp(2.629rem, 2.629rem + ((1vw - 0.2rem) * 3.952), 5rem);letter-spacing:-0.02em\">FAQs<\/h2>\n\n\n\n<div class=\"wp-block-group alignwide is-layout-flow wp-block-group-is-layout-flow\">\n<hr class=\"wp-block-separator has-text-color has-contrast-3-color has-alpha-channel-opacity has-contrast-3-background-color has-background is-style-wide\" style=\"margin-top:var(--wp--preset--spacing--30);margin-bottom:var(--wp--preset--spacing--30)\"\/>\n\n\n\n<h3 class=\"wp-block-heading alignwide has-contrast-color has-text-color has-link-color wp-elements-23d72c5acd0d9ff0362dea043774c500\" style=\"margin-bottom:var(--wp--preset--spacing--10)\"><strong>Welche Workshops bietet Panda Edu an?<\/strong><\/h3>\n\n\n\n<p class=\"has-contrast-1-color has-text-color has-link-color has-medium-font-size wp-elements-d5e522e5b6c4a68ff3336b5abf1217df\">Wir bieten Workshops und Workshop-Serien zu verschiedenen digitalen Themen an, darunter Smartphone-Nutzung, eGovernment-Dienste und Internetsicherheit. Sowohl f\u00fcr die buchende Organisation als auch f\u00fcr Teilnehmende ist das Angebot kostenlos.<\/p>\n\n\n\n<hr class=\"wp-block-separator has-text-color has-contrast-3-color has-alpha-channel-opacity has-contrast-3-background-color has-background is-style-wide\" style=\"margin-top:var(--wp--preset--spacing--30);margin-bottom:var(--wp--preset--spacing--30)\"\/>\n\n\n\n<h3 class=\"wp-block-heading alignwide has-contrast-color has-text-color has-link-color wp-elements-1cc82ff2f67c3abc645fe23de8970271\" style=\"margin-bottom:var(--wp--preset--spacing--10)\"><strong>Wer kann an den Workshops teilnehmen?<\/strong><\/h3>\n\n\n\n<p class=\"has-contrast-1-color has-text-color has-link-color has-medium-font-size wp-elements-342162c8b29b7f7a118568aa63f690fa\">Unsere Workshops sind speziell f\u00fcr \u00e4ltere Personen und digitale Einsteiger konzipiert. Wir richten uns an Menschen, die die Grundlagen der digitalen Welt erlernen m\u00f6chten.<\/p>\n\n\n\n<hr class=\"wp-block-separator has-text-color has-contrast-3-color has-alpha-channel-opacity has-contrast-3-background-color has-background is-style-wide\" style=\"margin-top:var(--wp--preset--spacing--30);margin-bottom:var(--wp--preset--spacing--30)\"\/>\n\n\n\n<h3 class=\"wp-block-heading alignwide has-contrast-color has-text-color has-link-color wp-elements-8ac1ac0ff9c2759d222c1c2590667cb1\" style=\"margin-bottom:var(--wp--preset--spacing--10)\"><strong>Wie kann ich f\u00fcr meine Organisation einen kostenlosen Workshop buchen?<\/strong><\/h3>\n\n\n\n<div class=\"wp-block-columns is-layout-flex wp-container-core-columns-is-layout-28f84493 wp-block-columns-is-layout-flex\">\n<div class=\"wp-block-column is-vertically-aligned-center is-layout-flow wp-block-column-is-layout-flow\" style=\"padding-right:var(--wp--preset--spacing--10)\">\n<p class=\"has-contrast-1-color has-text-color has-link-color has-medium-font-size wp-elements-0697ed78b070a98f181edf4ccffff372\">Unsere Workshops finden im Rahmen der <em>&#8220;Digital \u00dcberall&#8221;<\/em>-Initiative statt und Sie k\u00f6nnen \u00fcber das <a href=\"https:\/\/workshops.digitalekompetenzen.gv.at\/digitalueberall-2024-gemeinden\" data-type=\"link\" data-id=\"https:\/\/workshops.digitalekompetenzen.gv.at\/digitalueberall-2024-gemeinden\" target=\"_blank\" rel=\"noreferrer noopener\"><strong>Buchungstool<\/strong>\u2197\ufe0f<\/a> der Initiative einen Workshop f\u00fcr Ihre Organisation buchen. Daf\u00fcr w\u00e4hlen Sie zuerst Ihren Bezirk und dann filtern Sie unter <em>&#8220;Anbieter&#8221;<\/em> nach <strong>Panda Edu<\/strong> (siehe in der Abbildung unten). In der Liste die erscheint tippen Sie dann auf &#8220;<strong><em>Buchungsanfrage<\/em><\/strong>&#8221; und geben Ihre Daten ein und schicken das Formular ab. Wir werden uns dann in wenigen Tagen mit Ihnen in Verbindung setzen und die Details zur Durchf\u00fchrung abkl\u00e4ren. <br><br>Die neue Workshop-Serie <em>&#8220;Digital-Fit PLUS: <strong>Digitale Tools f\u00fcr den Alltag<\/strong>&#8220;<\/em> kann nur direkt \u00fcber uns per E-Mail unter <strong><a href=\"mailto:office@panda-edu.at\" target=\"_blank\" rel=\"noreferrer noopener\">office@panda-edu.at<\/a><\/strong> gebucht werden.<\/p>\n<\/div>\n\n\n\n<div class=\"wp-block-column is-vertically-aligned-center is-layout-flow wp-block-column-is-layout-flow\">\n<figure class=\"wp-block-image size-full is-resized\"><img loading=\"lazy\" decoding=\"async\" width=\"910\" height=\"458\" src=\"https:\/\/panda-edu.at\/wordpress\/wp-content\/uploads\/2024\/09\/screenshot1.png\" alt=\"\" class=\"wp-image-490\" style=\"width:533px;height:auto\" srcset=\"https:\/\/panda-edu.at\/wordpress\/wp-content\/uploads\/2024\/09\/screenshot1.png 910w, https:\/\/panda-edu.at\/wordpress\/wp-content\/uploads\/2024\/09\/screenshot1-300x151.png 300w, https:\/\/panda-edu.at\/wordpress\/wp-content\/uploads\/2024\/09\/screenshot1-768x387.png 768w\" sizes=\"auto, (max-width: 910px) 100vw, 910px\" \/><\/figure>\n<\/div>\n<\/div>\n\n\n\n<hr class=\"wp-block-separator has-text-color has-contrast-3-color has-alpha-channel-opacity has-contrast-3-background-color has-background is-style-wide\" style=\"margin-top:var(--wp--preset--spacing--30);margin-bottom:var(--wp--preset--spacing--30)\"\/>\n\n\n\n<h3 class=\"wp-block-heading alignwide has-contrast-color has-text-color has-link-color wp-elements-27b2c2d723ea8c4640cad292129cf1b9\" style=\"margin-bottom:var(--wp--preset--spacing--10)\"><strong>Wo finden die Workshops statt?<\/strong><\/h3>\n\n\n\n<p class=\"has-contrast-1-color has-text-color has-link-color has-medium-font-size wp-elements-eba96e8087c1aac1d6349149690da289\">Unsere Workshops werden in verschiedenen Gemeinden in Ober\u00f6sterreich angeboten. Die genauen Standorte und Termine der bereits gebuchten Workshops finden Sie auf <em><strong><a href=\"https:\/\/www.digitalekompetenzen.gv.at\/Workshops.html\" data-type=\"link\" data-id=\"https:\/\/www.digitalekompetenzen.gv.at\/Workshops.html\" target=\"_blank\" rel=\"noreferrer noopener\">www.digitalekompetenzen.gv.at\/Workshops<\/a><\/strong><\/em>. <br><span style=\"text-decoration: underline;\">F\u00fcr Personen, die an einem Workshop teilnehmen wollen:<\/span> Falls in Ihrer Gemeinde noch kein Workshop gebucht worden ist, k\u00f6nnen Sie gerne dort anfragen, ob einer geplant ist.<\/p>\n\n\n\n<hr class=\"wp-block-separator has-text-color has-contrast-3-color has-alpha-channel-opacity has-contrast-3-background-color has-background is-style-wide\" style=\"margin-top:var(--wp--preset--spacing--30);margin-bottom:var(--wp--preset--spacing--30)\"\/>\n\n\n\n<h3 class=\"wp-block-heading alignwide has-contrast-color has-text-color has-link-color wp-elements-499d0a111894a7f430e80d8165a3bf25\" style=\"margin-bottom:var(--wp--preset--spacing--10)\"><strong>Brauche ich Vorkenntnisse f\u00fcr die Teilnahme?<\/strong><\/h3>\n\n\n\n<p class=\"has-contrast-1-color has-text-color has-link-color has-medium-font-size wp-elements-53566c20be454babb5040559d6f41c5b\">F\u00fcr die meisten unserer Workshops sind keine Vorkenntnisse notwendig. Sie werden auf Ihrem aktuellen Wissensstand abgeholt und praxisnah an die Themen herangef\u00fchrt.<\/p>\n\n\n\n<hr class=\"wp-block-separator has-text-color has-contrast-3-color has-alpha-channel-opacity has-contrast-3-background-color has-background is-style-wide\" style=\"margin-top:var(--wp--preset--spacing--30);margin-bottom:var(--wp--preset--spacing--30)\"\/>\n\n\n\n<h3 class=\"wp-block-heading alignwide has-contrast-color has-text-color has-link-color wp-elements-885e5f8f63ac1bfbdc83b1f34cc36f02\" style=\"margin-bottom:var(--wp--preset--spacing--10)\"><strong>Welche Ger\u00e4te oder Materialien muss ich mitbringen?<\/strong><\/h3>\n\n\n\n<p class=\"has-contrast-1-color has-text-color has-link-color has-medium-font-size wp-elements-dc3dac8148468a0f6f7fef91587d0df8\">F\u00fcr die Workshops ben\u00f6tigen Sie in der Regel nicht mehr als ein eigenes Smartphone, Tablet oder Laptop. In der Workshop-Beschreibung finden Sie detaillierte Informationen zu den ben\u00f6tigten Materialien.<\/p>\n\n\n\n<hr class=\"wp-block-separator has-text-color has-contrast-3-color has-alpha-channel-opacity has-contrast-3-background-color has-background is-style-wide\" style=\"margin-top:var(--wp--preset--spacing--30);margin-bottom:var(--wp--preset--spacing--30)\"\/>\n\n\n\n<h3 class=\"wp-block-heading alignwide has-contrast-color has-text-color has-link-color wp-elements-bf6f8ceedb5f70143af44a2e01766cd5\" style=\"margin-bottom:var(--wp--preset--spacing--10)\"><strong>Wie lange dauert ein Workshop?<\/strong><\/h3>\n\n\n\n<p class=\"has-contrast-1-color has-text-color has-link-color has-medium-font-size wp-elements-33b2a13afab77885fb851bf54b46f8b8\">Die <strong>Einzelworkshops<\/strong> dauern <strong>drei Einheiten<\/strong> je 50 Minuten und die <strong>Workshop-Serien<\/strong> bestehen aus <strong>drei Einzelterminen<\/strong> je <strong>4 Einheiten<\/strong> mit einer <strong>optionalen Sprechstunde<\/strong> im Anschluss. <\/p>\n\n\n\n<hr class=\"wp-block-separator has-text-color has-contrast-3-color has-alpha-channel-opacity has-contrast-3-background-color has-background is-style-wide\" style=\"margin-top:var(--wp--preset--spacing--30);margin-bottom:var(--wp--preset--spacing--30)\"\/>\n\n\n\n<h3 class=\"wp-block-heading alignwide has-contrast-color has-text-color has-link-color wp-elements-f576fa166d4938ad07febaacc1c195f8\" style=\"margin-bottom:var(--wp--preset--spacing--10)\"><strong>Noch offene Fragen?<\/strong><\/h3>\n\n\n\n<p class=\"has-contrast-1-color has-text-color has-link-color has-medium-font-size wp-elements-ed3eb377e2bc2e292e7b917b16ec9355\">F\u00fcr weitere Informationen kontaktieren Sie uns bitte unter<strong>&nbsp;<a href=\"mailto:office@panda-edu.at\" target=\"_blank\" rel=\"noreferrer noopener\">office@panda-edu.at<\/a><\/strong><a href=\"mailto:office@panda-edu.at?subject=Anfrage%20Digital%20Skills%20for%20All\">&nbsp;<\/a>oder telefonisch unter<strong>&nbsp;<a href=\"tel:+436606387253\">+43 660 638 72 53<\/a><\/strong><\/p>\n<\/div>\n<\/div>\n\n\n\n<p><\/p>\n","protected":false},"excerpt":{"rendered":"<p>Was ist Panda Edu? Panda Edu wurde gegr\u00fcndet, um Menschen fit f\u00fcr die Digitalisierung zu machen. Unser erfahrenes Team aus EDV-TrainerInnen vermittelt digitale Kompetenz mit Leidenschaft und Engagement Wir machen Sie fit f\u00fcr die digitale Welt. Unsere Mission ist es, dieses Potenzial zu maximieren und anderen beizubringen, wie sie&nbsp;die Vorteile der Technologie nutzen&nbsp;k\u00f6nnen, ohne die [&hellip;]<\/p>\n","protected":false},"author":1,"featured_media":0,"parent":0,"menu_order":0,"comment_status":"closed","ping_status":"closed","template":"","meta":{"footnotes":""},"class_list":["post-322","page","type-page","status-publish","hentry"],"_links":{"self":[{"href":"https:\/\/panda-edu.at\/wordpress\/wp-json\/wp\/v2\/pages\/322","targetHints":{"allow":["GET"]}}],"collection":[{"href":"https:\/\/panda-edu.at\/wordpress\/wp-json\/wp\/v2\/pages"}],"about":[{"href":"https:\/\/panda-edu.at\/wordpress\/wp-json\/wp\/v2\/types\/page"}],"author":[{"embeddable":true,"href":"https:\/\/panda-edu.at\/wordpress\/wp-json\/wp\/v2\/users\/1"}],"replies":[{"embeddable":true,"href":"https:\/\/panda-edu.at\/wordpress\/wp-json\/wp\/v2\/comments?post=322"}],"version-history":[{"count":76,"href":"https:\/\/panda-edu.at\/wordpress\/wp-json\/wp\/v2\/pages\/322\/revisions"}],"predecessor-version":[{"id":566,"href":"https:\/\/panda-edu.at\/wordpress\/wp-json\/wp\/v2\/pages\/322\/revisions\/566"}],"wp:attachment":[{"href":"https:\/\/panda-edu.at\/wordpress\/wp-json\/wp\/v2\/media?parent=322"}],"curies":[{"name":"wp","href":"https:\/\/api.w.org\/{rel}","templated":true}]}}