{"id":158,"date":"2024-09-14T22:54:14","date_gmt":"2024-09-14T20:54:14","guid":{"rendered":"https:\/\/panda-edu.at\/wordpress\/?page_id=158"},"modified":"2025-06-16T00:01:32","modified_gmt":"2025-06-15T22:01:32","slug":"smartphone-kompass","status":"publish","type":"page","link":"https:\/\/panda-edu.at\/wordpress\/smartphone-kompass\/","title":{"rendered":"Digital-Fit: Der Smartphone-Kompass"},"content":{"rendered":"\n<div class=\"wp-block-group alignfull is-vertical is-content-justification-center is-layout-flex wp-container-core-group-is-layout-e795610d wp-block-group-is-layout-flex\" style=\"padding-top:0;padding-right:var(--wp--preset--spacing--50);padding-bottom:0;padding-left:var(--wp--preset--spacing--50)\">\n<div style=\"height:0px\" aria-hidden=\"true\" class=\"wp-block-spacer wp-container-content-e1bb55cb\"><\/div>\n\n\n\n<h2 class=\"wp-block-heading has-text-align-center\"><strong>Digital-Fit: <br>Der Smartphone-Kompass<\/strong><\/h2>\n\n\n\n<div style=\"height:0px\" aria-hidden=\"true\" class=\"wp-block-spacer wp-container-content-e1bb55cb\"><\/div>\n<\/div>\n\n\n\n<div class=\"wp-block-group alignfull has-global-padding is-layout-constrained wp-container-core-group-is-layout-48dbd97c wp-block-group-is-layout-constrained\" style=\"padding-right:0px;padding-left:0px\">\n<div class=\"wp-block-columns alignwide are-vertically-aligned-center is-layout-flex wp-container-core-columns-is-layout-7442c3f0 wp-block-columns-is-layout-flex\" style=\"padding-right:20px;padding-left:20px\">\n<div class=\"wp-block-column is-vertically-aligned-center is-layout-flow wp-block-column-is-layout-flow\" style=\"flex-basis:60%\">\n<ul style=\"padding-top:0;padding-right:20px;padding-bottom:0;padding-left:20px;font-size:clamp(0.875rem, 0.875rem + ((1vw - 0.2rem) * 0.458), 1.15rem);\" class=\"wp-block-list is-style-checkmark-list\">\n<li style=\"margin-top:10px;margin-bottom:10px;font-size:clamp(0.875rem, 0.875rem + ((1vw - 0.2rem) * 0.542), 1.2rem);\"><strong>Grundlegende Funktionen<\/strong> des Smartphones verstehen<\/li>\n\n\n\n<li style=\"margin-top:10px;margin-bottom:10px;font-size:clamp(0.875rem, 0.875rem + ((1vw - 0.2rem) * 0.542), 1.2rem);\"><strong>Praktische Anleitungen<\/strong> zu T\u00e4tigen von Anrufen, Speichern von Kontakten, Installieren von Apps u.v.m<\/li>\n\n\n\n<li style=\"margin-top:10px;margin-bottom:10px;font-size:clamp(0.875rem, 0.875rem + ((1vw - 0.2rem) * 0.542), 1.2rem);\">Effiziente Nutzung von <strong>Messaging-Diensten<\/strong> wie WhatsApp<\/li>\n\n\n\n<li style=\"margin-top:10px;margin-bottom:10px;font-size:clamp(0.875rem, 0.875rem + ((1vw - 0.2rem) * 0.542), 1.2rem);\"><strong>Smartphone-Sicherheit<\/strong>: Einrichtung des Sperrbildschirms und sichere Verwaltung von E-Mails und Kalendern<\/li>\n<\/ul>\n<\/div>\n\n\n\n<div class=\"wp-block-column is-vertically-aligned-center is-layout-flow wp-block-column-is-layout-flow\" style=\"flex-basis:50%\">\n<figure class=\"wp-block-image size-full is-resized has-custom-border\"><img loading=\"lazy\" decoding=\"async\" width=\"2500\" height=\"1666\" src=\"https:\/\/panda-edu.at\/wordpress\/wp-content\/uploads\/2024\/09\/SeniorenbildungCard.jpeg\" alt=\"\" class=\"wp-image-456\" style=\"border-radius:20px;width:566px;height:auto\" srcset=\"https:\/\/panda-edu.at\/wordpress\/wp-content\/uploads\/2024\/09\/SeniorenbildungCard.jpeg 2500w, https:\/\/panda-edu.at\/wordpress\/wp-content\/uploads\/2024\/09\/SeniorenbildungCard-300x200.jpeg 300w, https:\/\/panda-edu.at\/wordpress\/wp-content\/uploads\/2024\/09\/SeniorenbildungCard-1024x682.jpeg 1024w, https:\/\/panda-edu.at\/wordpress\/wp-content\/uploads\/2024\/09\/SeniorenbildungCard-768x512.jpeg 768w, https:\/\/panda-edu.at\/wordpress\/wp-content\/uploads\/2024\/09\/SeniorenbildungCard-1536x1024.jpeg 1536w, https:\/\/panda-edu.at\/wordpress\/wp-content\/uploads\/2024\/09\/SeniorenbildungCard-2048x1365.jpeg 2048w\" sizes=\"auto, (max-width: 2500px) 100vw, 2500px\" \/><\/figure>\n<\/div>\n<\/div>\n\n\n\n<div style=\"height:50px\" aria-hidden=\"true\" class=\"wp-block-spacer\"><\/div>\n\n\n\n<hr class=\"wp-block-separator alignwide has-text-color has-contrast-2-color has-alpha-channel-opacity has-contrast-2-background-color has-background is-style-wide\" style=\"margin-top:0;margin-bottom:0\"\/>\n<\/div>\n\n\n\n<div class=\"wp-block-group alignfull has-base-2-background-color has-background has-global-padding is-layout-constrained wp-container-core-group-is-layout-cd6163fc wp-block-group-is-layout-constrained\" style=\"margin-top:0;margin-bottom:0;padding-top:var(--wp--preset--spacing--10);padding-right:var(--wp--preset--spacing--50);padding-bottom:var(--wp--preset--spacing--10);padding-left:var(--wp--preset--spacing--50)\">\n<div class=\"wp-block-group is-vertical is-content-justification-center is-nowrap is-layout-flex wp-container-core-group-is-layout-9bcd2c63 wp-block-group-is-layout-flex\" style=\"margin-top:var(--wp--preset--spacing--10);margin-bottom:var(--wp--preset--spacing--10)\">\n<h2 class=\"wp-block-heading has-text-align-center is-style-default\"><strong>Inhalte<\/strong><\/h2>\n<\/div>\n\n\n\n<div style=\"margin-top:0;margin-bottom:0;height:40px\" aria-hidden=\"true\" class=\"wp-block-spacer\"><\/div>\n\n\n\n<div class=\"wp-block-columns alignwide is-layout-flex wp-container-core-columns-is-layout-d0bbbce0 wp-block-columns-is-layout-flex\">\n<div class=\"wp-block-column is-layout-flow wp-container-core-column-is-layout-e3d1c41b wp-block-column-is-layout-flow\">\n<h3 class=\"wp-block-heading has-text-align-left is-style-default has-body-font-family has-medium-font-size\" style=\"font-style:normal;font-weight:600\">Theoretisches Hintergrundwissen<\/h3>\n\n\n\n<p class=\"has-text-align-left\" style=\"margin-top:5px;margin-bottom:var(--wp--preset--spacing--50)\">zur Entwicklung und Komponenten des Smartphones.<\/p>\n<\/div>\n\n\n\n<div class=\"wp-block-column is-layout-flow wp-container-core-column-is-layout-e3d1c41b wp-block-column-is-layout-flow\">\n<h3 class=\"wp-block-heading has-text-align-left is-style-default has-body-font-family has-medium-font-size\" style=\"font-style:normal;font-weight:600\">Praktische \u00dcbungen<\/h3>\n\n\n\n<p class=\"has-text-align-left\" style=\"margin-top:5px;margin-bottom:var(--wp--preset--spacing--50)\">zu Basisfunktionen, wie z.B. Anrufe t\u00e4tigen, Kontakte verwalten oder Kalender einrichten.<\/p>\n<\/div>\n\n\n\n<div class=\"wp-block-column is-layout-flow wp-container-core-column-is-layout-e3d1c41b wp-block-column-is-layout-flow\">\n<h3 class=\"wp-block-heading has-text-align-left is-style-default has-body-font-family has-medium-font-size\" style=\"font-style:normal;font-weight:600\">Kurzer \u00dcberblick<\/h3>\n\n\n\n<p class=\"has-text-align-left\" style=\"margin-top:5px;margin-bottom:var(--wp--preset--spacing--50)\">zu Systemeinstellungen, v.a. Einrichten von neuen WLAN-Verbindung oder Anzeige- und Textgr\u00f6\u00dfe.<\/p>\n<\/div>\n<\/div>\n\n\n\n<div style=\"height:var(--wp--preset--spacing--20)\" aria-hidden=\"true\" class=\"wp-block-spacer\"><\/div>\n\n\n\n<div class=\"wp-block-columns alignwide is-layout-flex wp-container-core-columns-is-layout-d0bbbce0 wp-block-columns-is-layout-flex\">\n<div class=\"wp-block-column is-layout-flow wp-container-core-column-is-layout-e3d1c41b wp-block-column-is-layout-flow\">\n<h3 class=\"wp-block-heading has-text-align-left is-style-default has-body-font-family has-medium-font-size\" style=\"font-style:normal;font-weight:600\">Messaging-Dienste<\/h3>\n\n\n\n<p class=\"has-text-align-left\" style=\"margin-top:5px;margin-bottom:var(--wp--preset--spacing--50)\">Nutzung von Messaging-Diensten wie WhatsApp.<\/p>\n<\/div>\n\n\n\n<div class=\"wp-block-column is-layout-flow wp-container-core-column-is-layout-e3d1c41b wp-block-column-is-layout-flow\">\n<h3 class=\"wp-block-heading has-text-align-left is-style-default has-body-font-family has-medium-font-size\" style=\"font-style:normal;font-weight:600\">Sicherheit<\/h3>\n\n\n\n<p class=\"has-text-align-left\" style=\"margin-top:5px;margin-bottom:var(--wp--preset--spacing--50)\">Einrichten des Sperrbildschirms und sichere Verwaltung von Daten am Smartphone.<\/p>\n<\/div>\n\n\n\n<div class=\"wp-block-column is-layout-flow wp-container-core-column-is-layout-e3d1c41b wp-block-column-is-layout-flow\">\n<h3 class=\"wp-block-heading has-text-align-left is-style-default has-body-font-family\" style=\"font-size:0.1rem;font-style:normal;font-weight:600\"><\/h3>\n\n\n\n<p class=\"has-text-align-left\" style=\"font-size:1px\"><\/p>\n<\/div>\n<\/div>\n<\/div>\n\n\n\n<hr class=\"wp-block-separator alignwide has-text-color has-contrast-2-color has-alpha-channel-opacity has-contrast-2-background-color has-background is-style-wide\" style=\"margin-top:0px;margin-bottom:0px\"\/>\n\n\n\n<div class=\"wp-block-group alignfull has-global-padding is-layout-constrained wp-container-core-group-is-layout-cd6163fc wp-block-group-is-layout-constrained\" style=\"margin-top:0;margin-bottom:0;padding-top:var(--wp--preset--spacing--10);padding-right:var(--wp--preset--spacing--50);padding-bottom:var(--wp--preset--spacing--10);padding-left:var(--wp--preset--spacing--50)\">\n<div class=\"wp-block-group is-vertical is-content-justification-center is-nowrap is-layout-flex wp-container-core-group-is-layout-9bcd2c63 wp-block-group-is-layout-flex\" style=\"margin-top:var(--wp--preset--spacing--10);margin-bottom:var(--wp--preset--spacing--10)\">\n<h2 class=\"wp-block-heading has-text-align-center is-style-default\"><strong>Methoden<\/strong><\/h2>\n<\/div>\n\n\n\n<div style=\"margin-top:0;margin-bottom:0;height:40px\" aria-hidden=\"true\" class=\"wp-block-spacer\"><\/div>\n\n\n\n<div class=\"wp-block-columns alignwide is-layout-flex wp-container-core-columns-is-layout-d0bbbce0 wp-block-columns-is-layout-flex\">\n<div class=\"wp-block-column is-layout-flow wp-container-core-column-is-layout-e3d1c41b wp-block-column-is-layout-flow\">\n<h3 class=\"wp-block-heading has-text-align-left is-style-default has-body-font-family has-medium-font-size\" style=\"font-style:normal;font-weight:600\">Pr\u00e4sentationen<\/h3>\n\n\n\n<p class=\"has-text-align-left\" style=\"margin-top:5px;margin-bottom:var(--wp--preset--spacing--50)\">zu jedem Kapitel mit anschlie\u00dfendem Kahoot-Quiz, um das neue Wissen spielerisch zu festigen.<\/p>\n<\/div>\n\n\n\n<div class=\"wp-block-column is-layout-flow wp-container-core-column-is-layout-e3d1c41b wp-block-column-is-layout-flow\">\n<h3 class=\"wp-block-heading has-text-align-left is-style-default has-body-font-family has-medium-font-size\" style=\"font-style:normal;font-weight:600\">Handout mit Anleitungen<\/h3>\n\n\n\n<p class=\"has-text-align-left\" style=\"margin-top:5px;margin-bottom:var(--wp--preset--spacing--50)\">f\u00fcr alle praktischen \u00dcbungen, welches f\u00fcr die Betriebssysteme <em>iOS, Android <\/em>und <em>Emporia<\/em> verf\u00fcgbar ist.<\/p>\n<\/div>\n\n\n\n<div class=\"wp-block-column is-layout-flow wp-container-core-column-is-layout-e3d1c41b wp-block-column-is-layout-flow\">\n<h3 class=\"wp-block-heading has-text-align-left is-style-default has-body-font-family has-medium-font-size\" style=\"font-style:normal;font-weight:600\">Interaktive Elemente<\/h3>\n\n\n\n<p class=\"has-text-align-left\" style=\"margin-top:5px;margin-bottom:var(--wp--preset--spacing--50)\">Demonstration der Funktionen des Smartphones und offene Diskussion und Fragen.<\/p>\n<\/div>\n<\/div>\n<\/div>\n\n\n\n<hr class=\"wp-block-separator alignwide has-text-color has-contrast-2-color has-alpha-channel-opacity has-contrast-2-background-color has-background is-style-wide\" style=\"margin-top:0px;margin-bottom:0px\"\/>\n\n\n\n<div class=\"wp-block-group alignfull has-base-2-background-color has-background has-global-padding is-layout-constrained wp-container-core-group-is-layout-cd6163fc wp-block-group-is-layout-constrained\" style=\"margin-top:0;margin-bottom:0;padding-top:var(--wp--preset--spacing--10);padding-right:var(--wp--preset--spacing--50);padding-bottom:var(--wp--preset--spacing--10);padding-left:var(--wp--preset--spacing--50)\">\n<div class=\"wp-block-group is-vertical is-content-justification-center is-nowrap is-layout-flex wp-container-core-group-is-layout-9bcd2c63 wp-block-group-is-layout-flex\" style=\"margin-top:var(--wp--preset--spacing--10);margin-bottom:var(--wp--preset--spacing--10)\">\n<h2 class=\"wp-block-heading has-text-align-center is-style-default\"><strong>Voraussetzungen f\u00fcr Teilnehmende<\/strong><\/h2>\n<\/div>\n\n\n\n<div style=\"margin-top:0;margin-bottom:0;height:40px\" aria-hidden=\"true\" class=\"wp-block-spacer\"><\/div>\n\n\n\n<div class=\"wp-block-columns alignwide is-layout-flex wp-container-core-columns-is-layout-d0bbbce0 wp-block-columns-is-layout-flex\">\n<div class=\"wp-block-column is-layout-flow wp-container-core-column-is-layout-e3d1c41b wp-block-column-is-layout-flow\">\n<h3 class=\"wp-block-heading has-text-align-left is-style-default has-body-font-family has-medium-font-size\" style=\"font-style:normal;font-weight:600\">Eigenes Smartphone<\/h3>\n\n\n\n<p class=\"has-text-align-left\" style=\"margin-top:5px;margin-bottom:var(--wp--preset--spacing--50)\">Genutzt werden k\u00f6nnen Ger\u00e4te mit den g\u00e4ngigen Betriebssystemen (iOS, Android und Emporia).<\/p>\n<\/div>\n\n\n\n<div class=\"wp-block-column is-layout-flow wp-container-core-column-is-layout-e3d1c41b wp-block-column-is-layout-flow\">\n<h3 class=\"wp-block-heading has-text-align-left is-style-default has-body-font-family has-medium-font-size\" style=\"font-style:normal;font-weight:600\">Keine digitalen Vorkenntnisse n\u00f6tig<\/h3>\n\n\n\n<p class=\"has-text-align-left\" style=\"margin-top:5px;margin-bottom:var(--wp--preset--spacing--50)\">Die Teilnehmenden m\u00fcssen <strong>nicht<\/strong> \u00fcber bestimmte digitale Vorkenntnisse verf\u00fcgen, um am Workshop teilzunehmen.<\/p>\n<\/div>\n<\/div>\n<\/div>\n\n\n\n<hr class=\"wp-block-separator alignwide has-text-color has-contrast-2-color has-alpha-channel-opacity has-contrast-2-background-color has-background is-style-wide\" style=\"margin-top:0px;margin-bottom:0px\"\/>\n\n\n\n<div class=\"wp-block-group alignfull has-global-padding is-layout-constrained wp-container-core-group-is-layout-cd6163fc wp-block-group-is-layout-constrained\" style=\"margin-top:0;margin-bottom:0;padding-top:var(--wp--preset--spacing--10);padding-right:var(--wp--preset--spacing--50);padding-bottom:var(--wp--preset--spacing--10);padding-left:var(--wp--preset--spacing--50)\">\n<div class=\"wp-block-group is-vertical is-content-justification-center is-nowrap is-layout-flex wp-container-core-group-is-layout-9bcd2c63 wp-block-group-is-layout-flex\" style=\"margin-top:var(--wp--preset--spacing--10);margin-bottom:var(--wp--preset--spacing--10)\">\n<h2 class=\"wp-block-heading has-text-align-center is-style-default\"><strong>Weitere Informationen<\/strong><\/h2>\n<\/div>\n\n\n\n<div style=\"margin-top:0;margin-bottom:0;height:40px\" aria-hidden=\"true\" class=\"wp-block-spacer\"><\/div>\n\n\n\n<div class=\"wp-block-columns alignwide is-layout-flex wp-container-core-columns-is-layout-d0bbbce0 wp-block-columns-is-layout-flex\">\n<div class=\"wp-block-column is-layout-flow wp-container-core-column-is-layout-e3d1c41b wp-block-column-is-layout-flow\">\n<h3 class=\"wp-block-heading has-text-align-left is-style-default has-body-font-family has-medium-font-size\" style=\"font-style:normal;font-weight:600\">Dauer des Workshops:<\/h3>\n\n\n\n<p class=\"has-text-align-left\" style=\"margin-top:5px;margin-bottom:var(--wp--preset--spacing--50)\">Der Workshop dauert <strong><span style=\"text-decoration: underline;\">3 Einheiten \u00e1 50 Minuten<\/span><\/strong>.<\/p>\n<\/div>\n\n\n\n<div class=\"wp-block-column is-layout-flow wp-container-core-column-is-layout-e3d1c41b wp-block-column-is-layout-flow\">\n<h3 class=\"wp-block-heading has-text-align-left is-style-default has-body-font-family has-medium-font-size\" style=\"font-style:normal;font-weight:600\">Anzahl der Teilnehmenden:<\/h3>\n\n\n\n<p class=\"has-text-align-left\" style=\"margin-top:5px;margin-bottom:var(--wp--preset--spacing--50)\">Am Workshop k\u00f6nnen zwischen<strong><span style=\"text-decoration: underline;\"> 5 und 10 Personen<\/span><\/strong> teilnehmen.<\/p>\n<\/div>\n\n\n\n<div class=\"wp-block-column is-layout-flow wp-container-core-column-is-layout-e3d1c41b wp-block-column-is-layout-flow\">\n<h3 class=\"wp-block-heading has-text-align-left is-style-default has-body-font-family has-medium-font-size\" style=\"font-style:normal;font-weight:600\">F\u00fcr Workshops vor Ort:<\/h3>\n\n\n\n<p class=\"has-text-align-left\" style=\"margin-top:5px;margin-bottom:var(--wp--preset--spacing--50)\">Au\u00dfer einen <strong>Beamer<\/strong> oder Bildschirm mit <strong>HDMI-Eingang<\/strong> und einer stabilen <strong>Internetverbindung<\/strong> ben\u00f6tigen wir keine weitere technische Ausstattung.<\/p>\n<\/div>\n<\/div>\n<\/div>\n","protected":false},"excerpt":{"rendered":"<p>Digital-Fit: Der Smartphone-Kompass Inhalte Theoretisches Hintergrundwissen zur Entwicklung und Komponenten des Smartphones. Praktische \u00dcbungen zu Basisfunktionen, wie z.B. Anrufe t\u00e4tigen, Kontakte verwalten oder Kalender einrichten. Kurzer \u00dcberblick zu Systemeinstellungen, v.a. Einrichten von neuen WLAN-Verbindung oder Anzeige- und Textgr\u00f6\u00dfe. Messaging-Dienste Nutzung von Messaging-Diensten wie WhatsApp. Sicherheit Einrichten des Sperrbildschirms und sichere Verwaltung von Daten am Smartphone. [&hellip;]<\/p>\n","protected":false},"author":1,"featured_media":0,"parent":0,"menu_order":0,"comment_status":"closed","ping_status":"closed","template":"","meta":{"footnotes":""},"class_list":["post-158","page","type-page","status-publish","hentry"],"_links":{"self":[{"href":"https:\/\/panda-edu.at\/wordpress\/wp-json\/wp\/v2\/pages\/158","targetHints":{"allow":["GET"]}}],"collection":[{"href":"https:\/\/panda-edu.at\/wordpress\/wp-json\/wp\/v2\/pages"}],"about":[{"href":"https:\/\/panda-edu.at\/wordpress\/wp-json\/wp\/v2\/types\/page"}],"author":[{"embeddable":true,"href":"https:\/\/panda-edu.at\/wordpress\/wp-json\/wp\/v2\/users\/1"}],"replies":[{"embeddable":true,"href":"https:\/\/panda-edu.at\/wordpress\/wp-json\/wp\/v2\/comments?post=158"}],"version-history":[{"count":76,"href":"https:\/\/panda-edu.at\/wordpress\/wp-json\/wp\/v2\/pages\/158\/revisions"}],"predecessor-version":[{"id":559,"href":"https:\/\/panda-edu.at\/wordpress\/wp-json\/wp\/v2\/pages\/158\/revisions\/559"}],"wp:attachment":[{"href":"https:\/\/panda-edu.at\/wordpress\/wp-json\/wp\/v2\/media?parent=158"}],"curies":[{"name":"wp","href":"https:\/\/api.w.org\/{rel}","templated":true}]}}