{"id":12,"date":"2024-09-01T13:22:22","date_gmt":"2024-09-01T13:22:22","guid":{"rendered":"https:\/\/panda-edu.at\/wordpress\/?page_id=12"},"modified":"2025-06-10T13:31:36","modified_gmt":"2025-06-10T11:31:36","slug":"homepage","status":"publish","type":"page","link":"https:\/\/panda-edu.at\/wordpress\/","title":{"rendered":"Startseite"},"content":{"rendered":"\n<div class=\"wp-block-group alignfull has-base-2-background-color has-background has-global-padding is-layout-constrained wp-block-group-is-layout-constrained\">\n<div style=\"height:50px\" aria-hidden=\"true\" class=\"wp-block-spacer\"><\/div>\n\n\n\n<h2 class=\"wp-block-heading has-text-align-center has-xx-large-font-size\" style=\"margin-top:var(--wp--preset--spacing--20);margin-bottom:var(--wp--preset--spacing--20)\"><strong>Willkommen bei <br>Panda Edu!<\/strong><\/h2>\n\n\n\n<p class=\"has-text-align-center\" style=\"font-size:clamp(14px, 0.875rem + ((1vw - 3.2px) * 0.625), 20px);\"><em>Wo Bildung und Technologie Hand in Hand gehen.<\/em><\/p>\n\n\n\n<div style=\"height:30px\" aria-hidden=\"true\" class=\"wp-block-spacer\"><\/div>\n\n\n\n<div class=\"alignnormal\"><div id=\"metaslider-id-15\" style=\"width: 100%;\" class=\"ml-slider-3-91-0 metaslider metaslider-flex metaslider-15 ml-slider hide-arrows-smartphone hide-arrows-tablet hide-arrows-laptop hide-arrows-desktop ms-theme-default\" role=\"region\" aria-roledescription=\"Slideshow\" aria-label=\"Homepage\">\n    <div id=\"metaslider_container_15\">\n        <div id=\"metaslider_15\">\n            <ul class='slides'>\n                <li style=\"display: none; width: 100%;\" class=\"slide-449 ms-image \" aria-roledescription=\"slide\" aria-label=\"slide-449\"><img loading=\"lazy\" decoding=\"async\" src=\"https:\/\/panda-edu.at\/wordpress\/wp-content\/uploads\/2024\/09\/IMG_2245-900x600.jpg\" height=\"600\" width=\"900\" alt=\"\" class=\"slider-15 slide-449\" title=\"IMG_2245\" \/><\/li>\n                <li style=\"display: none; width: 100%;\" class=\"slide-34 ms-image \" aria-roledescription=\"slide\" aria-label=\"slide-34\"><img loading=\"lazy\" decoding=\"async\" src=\"https:\/\/panda-edu.at\/wordpress\/wp-content\/uploads\/2024\/09\/Logo-Querformat-900x600.png\" height=\"600\" width=\"900\" alt=\"\" class=\"slider-15 slide-34\" title=\"Logo Querformat\" \/><\/li>\n                <li style=\"display: none; width: 100%;\" class=\"slide-450 ms-image \" aria-roledescription=\"slide\" aria-label=\"slide-450\"><img loading=\"lazy\" decoding=\"async\" src=\"https:\/\/panda-edu.at\/wordpress\/wp-content\/uploads\/2024\/09\/IMG_2287-scaled-1-900x600.jpg\" height=\"600\" width=\"900\" alt=\"\" class=\"slider-15 slide-450\" title=\"IMG_2287-scaled\" \/><\/li>\n            <\/ul>\n        <\/div>\n        \n    <\/div>\n<\/div><\/div>\n\n\n\n<div style=\"height:30px\" aria-hidden=\"true\" class=\"wp-block-spacer\"><\/div>\n<\/div>\n\n\n\n<div class=\"wp-block-group alignfull has-global-padding is-layout-constrained wp-container-core-group-is-layout-19e250f3 wp-block-group-is-layout-constrained\">\n<div style=\"height:30px\" aria-hidden=\"true\" class=\"wp-block-spacer\"><\/div>\n\n\n\n<h2 class=\"wp-block-heading alignwide has-text-align-center is-style-default has-large-font-size\">Aktuell bieten wir unsere Workshop nur im Rahmen <br>der <em>&#8220;<a href=\"https:\/\/www.digitalekompetenzen.gv.at\/Workshops.html\" data-type=\"link\" data-id=\"https:\/\/www.digitalekompetenzen.gv.at\/Workshops.html\">Digital \u00dcberall<\/a>&#8220;<\/em>-Initiative an<\/h2>\n\n\n\n<div style=\"height:30px\" aria-hidden=\"true\" class=\"wp-block-spacer\"><\/div>\n\n\n\n<div class=\"wp-block-group has-border-color is-vertical is-content-justification-stretch is-layout-flex wp-container-core-group-is-layout-4c964324 wp-block-group-is-layout-flex\" style=\"border-color:#111111;border-width:2px;border-radius:5px;padding-top:var(--wp--preset--spacing--10);padding-right:var(--wp--preset--spacing--10);padding-bottom:var(--wp--preset--spacing--10);padding-left:var(--wp--preset--spacing--10)\">\n<p class=\"has-text-align-center\" style=\"font-size:clamp(0.875rem, 0.875rem + ((1vw - 0.2rem) * 0.208), 1rem);\">Im Rahmen dieser Initiative werden <em><strong>die Workshops zu 100% gef\u00f6rdert<\/strong><\/em> und <br>sind daher f\u00fcr alle Teilnehmenden und der buchenden Organisation&nbsp;<strong><span style=\"text-decoration: underline;\">kostenfrei<\/span><\/strong>!<\/p>\n\n\n\n<div style=\"height:0px\" aria-hidden=\"true\" class=\"wp-block-spacer wp-container-content-b0b89ccb\"><\/div>\n\n\n\n<p class=\"has-text-align-center\" style=\"font-size:clamp(0.875rem, 0.875rem + ((1vw - 0.2rem) * 0.542), 1.2rem);\"><strong>F\u00fcr Gemeinden, Vereine und Organisationen:<\/strong><\/p>\n\n\n\n<div style=\"height:0px\" aria-hidden=\"true\" class=\"wp-block-spacer wp-container-content-b0b89ccb\"><\/div>\n\n\n\n<p class=\"has-text-align-center\" style=\"font-size:clamp(0.875rem, 0.875rem + ((1vw - 0.2rem) * 0.208), 1rem);\">Sie sind eine Organisation, Verein o.\u00c4. und m\u00f6chten Ihren Mitgliedern die M\u00f6glichkeit bieten, ihre digitalen Kompetenzen zu st\u00e4rken? <br>Buchen Sie jetzt <strong>kostenlos<\/strong> einen <strong>Workshop in Ihrer Gemeinde<\/strong> und profitieren Sie von den Vorteilen der Digitalisierung!<\/p>\n\n\n\n<div style=\"height:0px\" aria-hidden=\"true\" class=\"wp-block-spacer wp-container-content-16d1eb73\"><\/div>\n\n\n\n<p class=\"has-text-align-center\" style=\"font-size:clamp(0.875rem, 0.875rem + ((1vw - 0.2rem) * 0.208), 1rem);\">Das <strong>Workshop Angebot<\/strong> in Ihrer Gemeinde und Buchungsm\u00f6glichkeit finden Sie&nbsp;im <a href=\"https:\/\/workshops.digitalekompetenzen.gv.at\/digitalueberall-2024-gemeinden\" data-type=\"link\" data-id=\"https:\/\/workshops.digitalekompetenzen.gv.at\/digitalueberall-2024-gemeinden\" target=\"_blank\" rel=\"noreferrer noopener\"><strong>Buchungstool<\/strong>\u2197<\/a>. In unseren <strong><span style=\"text-decoration: underline;\"><a href=\"https:\/\/panda-edu.at\/wordpress\/about-us#FAQs\" data-type=\"page\" data-id=\"322\">FAQs<\/a><\/span><\/strong> ist genau beschrieben, wie Sie \u00fcber das Buchungstool einen Workshop f\u00fcr Ihrer Gemeinde kostenlos buchen k\u00f6nnen.<\/p>\n\n\n\n<p class=\"has-text-align-center\" style=\"font-size:clamp(0.875rem, 0.875rem + ((1vw - 0.2rem) * 0.208), 1rem);\"><br>F\u00fcr weitere Informationen kontaktieren Sie uns bitte unter<strong>&nbsp;<a href=\"mailto:office@panda-edu.at?subject=Anfrage%20Digital%20Skills%20for%20All\">office@panda-edu.at<\/a><\/strong><a href=\"mailto:office@panda-edu.at?subject=Anfrage%20Digital%20Skills%20for%20All\">&nbsp;<\/a>oder telefonisch unter<strong>&nbsp;<a href=\"tel:+436606387253\">+43 660 638 72 53<\/a><\/strong><\/p>\n<\/div>\n\n\n\n<div style=\"height:50px\" aria-hidden=\"true\" class=\"wp-block-spacer\"><\/div>\n\n\n\n<div class=\"wp-block-group has-global-padding is-layout-constrained wp-container-core-group-is-layout-c19476fc wp-block-group-is-layout-constrained\">\n<p>Digital \u00dcberall ist ein <strong>kostenloses Workshopangebot<\/strong> f\u00fcr digitale Einsteiger\/innen, bei welchem <strong>\u00f6sterreichweit<\/strong> 4.500 Workshops angeboten werden. Das niederschwellige Angebot wird im Rahmen der Digitalen Kompetenzoffensive durch das <strong>Bundeskanzleramt<\/strong> finanziert und durch die Gesch\u00e4ftsstelle f\u00fcr Digitale Kompetenzen im <strong>OeAD<\/strong> abgewickelt.<\/p>\n\n\n\n<figure class=\"wp-block-image size-large is-resized\"><a href=\"https:\/\/oead.at\/de\/expertise\/geschaeftsstelle-digitale-kompetenzen\/\" target=\"_blank\" rel=\"noreferrer noopener\"><img decoding=\"async\" src=\"https:\/\/panda-edu.at\/wordpress\/wp-content\/uploads\/2024\/09\/OeAD-Logo-DK-RGB-Langversion-1024x113.png\" alt=\"\" class=\"wp-image-77\" style=\"width:297px;height:auto\"\/><\/a><\/figure>\n\n\n\n<figure class=\"wp-block-image alignright size-large is-resized\"><a href=\"https:\/\/www.digitalaustria.gv.at\/\" target=\"_blank\" rel=\"noreferrer noopener\"><img decoding=\"async\" src=\"https:\/\/panda-edu.at\/wordpress\/wp-content\/uploads\/2024\/09\/Digital-Austria_Logo_RGB-1024x181.png\" alt=\"\" class=\"wp-image-73\" style=\"width:302px;height:auto\"\/><\/a><\/figure>\n<\/div>\n\n\n\n<div style=\"height:70px\" aria-hidden=\"true\" class=\"wp-block-spacer\"><\/div>\n<\/div>\n\n\n\n<div class=\"wp-block-group alignfull has-base-2-background-color has-background has-global-padding is-layout-constrained wp-block-group-is-layout-constrained\">\n<div style=\"height:50px\" aria-hidden=\"true\" class=\"wp-block-spacer\"><\/div>\n\n\n\n<p><strong><span style=\"text-decoration: underline;\">Neu:<\/span><\/strong> Unsere zwei vertiefenden Workshopreihen zu den Themen <em>Smartphone<\/em> und <em>Leben mit Digitalisierung<\/em> sind da!<\/p>\n\n\n\n<div style=\"height:70px\" aria-hidden=\"true\" class=\"wp-block-spacer\"><\/div>\n\n\n\n<h2 class=\"wp-block-heading alignwide has-text-align-center\" id=\"Workshopangebot\"><strong>Unser aktuelles Workshopangebot<\/strong><\/h2>\n\n\n\n<div style=\"height:70px\" aria-hidden=\"true\" class=\"wp-block-spacer\"><\/div>\n\n\n\n<h3 class=\"wp-block-heading has-text-align-center\"><strong>Einzelworkshops<\/strong> <\/h3>\n\n\n\n<div style=\"height:70px\" aria-hidden=\"true\" class=\"wp-block-spacer\"><\/div>\n\n\n\n<div class=\"wp-block-columns alignwide is-layout-flex wp-container-core-columns-is-layout-d1c656ed wp-block-columns-is-layout-flex\">\n<div class=\"wp-block-column is-vertically-aligned-center is-layout-flow wp-block-column-is-layout-flow\" style=\"flex-basis:60%\">\n<h3 class=\"wp-block-heading is-style-default\" style=\"margin-bottom:var(--wp--preset--spacing--10)\">Digital-Fit: <br><strong>Der Smartphone-Kompass<\/strong><\/h3>\n\n\n\n<ul style=\"line-height:1.75\" class=\"wp-block-list is-style-checkmark-list\">\n<li>Grundlegende Smartphone-Funktionen verstehen und anwenden<\/li>\n\n\n\n<li>Effiziente Nutzung von Messaging-Diensten und Smartphone-Sicherheit<\/li>\n<\/ul>\n\n\n\n<div class=\"wp-block-buttons is-content-justification-center is-layout-flex wp-container-core-buttons-is-layout-ecbaa6a1 wp-block-buttons-is-layout-flex\" style=\"margin-top:var(--wp--preset--spacing--10)\">\n<div class=\"wp-block-button has-custom-width wp-block-button__width-100 is-style-outline is-style-outline--1\"><a class=\"wp-block-button__link wp-element-button\" href=\"https:\/\/www.panda-edu.at\/Smartphone_Kompass.html\">Weitere Informationen\u2197<\/a><\/div>\n<\/div>\n<\/div>\n\n\n\n<div class=\"wp-block-column is-layout-flow wp-block-column-is-layout-flow\" style=\"flex-basis:50%\">\n<figure class=\"wp-block-image size-full is-style-rounded is-style-rounded--2\"><a href=\"https:\/\/www.panda-edu.at\/Smartphone_Kompass.html\"><img loading=\"lazy\" decoding=\"async\" width=\"2500\" height=\"1666\" src=\"https:\/\/panda-edu.at\/wordpress\/wp-content\/uploads\/2024\/09\/SeniorenbildungCard.jpeg\" alt=\"\" class=\"wp-image-456\" style=\"aspect-ratio:4\/3;object-fit:cover\" srcset=\"https:\/\/panda-edu.at\/wordpress\/wp-content\/uploads\/2024\/09\/SeniorenbildungCard.jpeg 2500w, https:\/\/panda-edu.at\/wordpress\/wp-content\/uploads\/2024\/09\/SeniorenbildungCard-300x200.jpeg 300w, https:\/\/panda-edu.at\/wordpress\/wp-content\/uploads\/2024\/09\/SeniorenbildungCard-1024x682.jpeg 1024w, https:\/\/panda-edu.at\/wordpress\/wp-content\/uploads\/2024\/09\/SeniorenbildungCard-768x512.jpeg 768w, https:\/\/panda-edu.at\/wordpress\/wp-content\/uploads\/2024\/09\/SeniorenbildungCard-1536x1024.jpeg 1536w, https:\/\/panda-edu.at\/wordpress\/wp-content\/uploads\/2024\/09\/SeniorenbildungCard-2048x1365.jpeg 2048w\" sizes=\"auto, (max-width: 2500px) 100vw, 2500px\" \/><\/a><\/figure>\n<\/div>\n<\/div>\n\n\n\n<hr class=\"wp-block-separator has-text-color has-contrast-2-color has-alpha-channel-opacity has-contrast-2-background-color has-background is-style-wide\" style=\"margin-top:50px;margin-bottom:50px\"\/>\n\n\n\n<div class=\"wp-block-columns alignwide is-layout-flex wp-container-core-columns-is-layout-d1c656ed wp-block-columns-is-layout-flex\">\n<div class=\"wp-block-column is-vertically-aligned-center is-layout-flow wp-block-column-is-layout-flow\" style=\"flex-basis:60%\">\n<h3 class=\"wp-block-heading is-style-default\" style=\"margin-bottom:var(--wp--preset--spacing--10)\">Digital-Fit:<br><strong>Einf\u00fchrung ins eGovernment<\/strong><\/h3>\n\n\n\n<ul style=\"line-height:1.75\" class=\"wp-block-list is-style-checkmark-list\">\n<li>Eigenst\u00e4ndige Nutzung digitaler Verwaltungsdienste und Beh\u00f6rdenportale<\/li>\n\n\n\n<li>Schritt-f\u00fcr-Schritt-Anleitungen f\u00fcr Online-Anmeldungen und Datenschutz<\/li>\n<\/ul>\n\n\n\n<div class=\"wp-block-buttons is-content-justification-center is-layout-flex wp-container-core-buttons-is-layout-ecbaa6a1 wp-block-buttons-is-layout-flex\" style=\"margin-top:var(--wp--preset--spacing--10)\">\n<div class=\"wp-block-button has-custom-width wp-block-button__width-100 is-style-outline is-style-outline--3\"><a class=\"wp-block-button__link wp-element-button\" href=\"https:\/\/www.panda-edu.at\/eGovernment.html\">Weitere Informationen\u2197<\/a><\/div>\n<\/div>\n<\/div>\n\n\n\n<div class=\"wp-block-column is-layout-flow wp-block-column-is-layout-flow\" style=\"flex-basis:50%\">\n<figure class=\"wp-block-image size-full is-style-rounded is-style-rounded--4\"><a href=\"https:\/\/www.panda-edu.at\/eGovernment.html\"><img loading=\"lazy\" decoding=\"async\" width=\"1000\" height=\"750\" src=\"https:\/\/panda-edu.at\/wordpress\/wp-content\/uploads\/2024\/09\/eGovernmentCard-Banner.jpeg\" alt=\"\" class=\"wp-image-434\" style=\"aspect-ratio:4\/3;object-fit:cover\" srcset=\"https:\/\/panda-edu.at\/wordpress\/wp-content\/uploads\/2024\/09\/eGovernmentCard-Banner.jpeg 1000w, https:\/\/panda-edu.at\/wordpress\/wp-content\/uploads\/2024\/09\/eGovernmentCard-Banner-300x225.jpeg 300w, https:\/\/panda-edu.at\/wordpress\/wp-content\/uploads\/2024\/09\/eGovernmentCard-Banner-768x576.jpeg 768w\" sizes=\"auto, (max-width: 1000px) 100vw, 1000px\" \/><\/a><\/figure>\n<\/div>\n<\/div>\n\n\n\n<hr class=\"wp-block-separator has-text-color has-contrast-2-color has-alpha-channel-opacity has-contrast-2-background-color has-background is-style-wide\" style=\"margin-top:50px;margin-bottom:50px\"\/>\n\n\n\n<div class=\"wp-block-columns alignwide is-layout-flex wp-container-core-columns-is-layout-d1c656ed wp-block-columns-is-layout-flex\">\n<div class=\"wp-block-column is-vertically-aligned-center is-layout-flow wp-block-column-is-layout-flow\" style=\"flex-basis:60%\">\n<h3 class=\"wp-block-heading is-style-default\" style=\"margin-bottom:var(--wp--preset--spacing--10)\">Digital-Fit:<br><strong>Sicher durchs Netz<\/strong><\/h3>\n\n\n\n<ul style=\"line-height:1.75\" class=\"wp-block-list is-style-checkmark-list\">\n<li>Erkennen und Schutz vor Internetkriminalit\u00e4t und sicheren Online-Shopping<\/li>\n\n\n\n<li>Praktische Tipps f\u00fcr sichere Passw\u00f6rter und Erkennen von KI-generierten Inhalten<\/li>\n<\/ul>\n\n\n\n<div class=\"wp-block-buttons is-content-justification-center is-layout-flex wp-container-core-buttons-is-layout-ecbaa6a1 wp-block-buttons-is-layout-flex\" style=\"margin-top:var(--wp--preset--spacing--10)\">\n<div class=\"wp-block-button has-custom-width wp-block-button__width-100 is-style-outline is-style-outline--5\"><a class=\"wp-block-button__link wp-element-button\" href=\"https:\/\/www.panda-edu.at\/Sicher_durchs_Netz.html\">Weitere Informationen\u2197<\/a><\/div>\n<\/div>\n<\/div>\n\n\n\n<div class=\"wp-block-column is-layout-flow wp-block-column-is-layout-flow\" style=\"flex-basis:50%\">\n<figure class=\"wp-block-image size-large is-style-rounded is-style-rounded--6\"><a href=\"https:\/\/www.panda-edu.at\/Sicher_durchs_Netz.html\"><img loading=\"lazy\" decoding=\"async\" width=\"1024\" height=\"683\" src=\"https:\/\/panda-edu.at\/wordpress\/wp-content\/uploads\/2024\/09\/Security-Banner-1024x683.jpeg\" alt=\"\" class=\"wp-image-455\" style=\"aspect-ratio:4\/3;object-fit:cover\" srcset=\"https:\/\/panda-edu.at\/wordpress\/wp-content\/uploads\/2024\/09\/Security-Banner-1024x683.jpeg 1024w, https:\/\/panda-edu.at\/wordpress\/wp-content\/uploads\/2024\/09\/Security-Banner-300x200.jpeg 300w, https:\/\/panda-edu.at\/wordpress\/wp-content\/uploads\/2024\/09\/Security-Banner-768x512.jpeg 768w, https:\/\/panda-edu.at\/wordpress\/wp-content\/uploads\/2024\/09\/Security-Banner-1536x1024.jpeg 1536w, https:\/\/panda-edu.at\/wordpress\/wp-content\/uploads\/2024\/09\/Security-Banner-2048x1366.jpeg 2048w\" sizes=\"auto, (max-width: 1024px) 100vw, 1024px\" \/><\/a><\/figure>\n<\/div>\n<\/div>\n\n\n\n<div style=\"height:70px\" aria-hidden=\"true\" class=\"wp-block-spacer\"><\/div>\n\n\n\n<h3 class=\"wp-block-heading has-text-align-center\"><strong>Workshopreihen<\/strong><\/h3>\n\n\n\n<div style=\"height:70px\" aria-hidden=\"true\" class=\"wp-block-spacer\"><\/div>\n\n\n\n<div class=\"wp-block-columns alignwide is-layout-flex wp-container-core-columns-is-layout-d1c656ed wp-block-columns-is-layout-flex\">\n<div class=\"wp-block-column is-vertically-aligned-center is-layout-flow wp-block-column-is-layout-flow\" style=\"flex-basis:60%\">\n<h3 class=\"wp-block-heading is-style-default\" style=\"margin-bottom:var(--wp--preset--spacing--10)\">Digital-Fit PLUS: <br><strong>Der Smartphone-Kompass<\/strong><\/h3>\n\n\n\n<ul style=\"line-height:1.75\" class=\"wp-block-list is-style-checkmark-list\">\n<li>Vertiefte Smartphone-Funktionen Schritt f\u00fcr Schritt anwenden<\/li>\n\n\n\n<li>Mit mehr Zeit f\u00fcr \u00dcbungen und individueller Begleitung<\/li>\n\n\n\n<li>Inklusive Sprechstunde nach dem Kurs<\/li>\n<\/ul>\n\n\n\n<div class=\"wp-block-buttons is-content-justification-center is-layout-flex wp-container-core-buttons-is-layout-ecbaa6a1 wp-block-buttons-is-layout-flex\" style=\"margin-top:var(--wp--preset--spacing--10)\">\n<div class=\"wp-block-button has-custom-width wp-block-button__width-100 is-style-outline is-style-outline--7\"><a class=\"wp-block-button__link wp-element-button\" href=\"https:\/\/panda-edu.at\/wordpress\/smartphone-kompass-plus\/\">Weitere Informationen\u2197<\/a><\/div>\n<\/div>\n<\/div>\n\n\n\n<div class=\"wp-block-column is-layout-flow wp-block-column-is-layout-flow\" style=\"flex-basis:50%\">\n<figure class=\"wp-block-image size-full is-style-rounded is-style-rounded--8\"><a href=\"https:\/\/panda-edu.at\/wordpress\/smartphone-kompass-plus\/\"><img loading=\"lazy\" decoding=\"async\" width=\"2500\" height=\"1875\" src=\"https:\/\/panda-edu.at\/wordpress\/wp-content\/uploads\/2024\/09\/IMG_2243.jpg\" alt=\"\" class=\"wp-image-447\" style=\"aspect-ratio:4\/3;object-fit:cover\" srcset=\"https:\/\/panda-edu.at\/wordpress\/wp-content\/uploads\/2024\/09\/IMG_2243.jpg 2500w, https:\/\/panda-edu.at\/wordpress\/wp-content\/uploads\/2024\/09\/IMG_2243-300x225.jpg 300w, https:\/\/panda-edu.at\/wordpress\/wp-content\/uploads\/2024\/09\/IMG_2243-1024x768.jpg 1024w, https:\/\/panda-edu.at\/wordpress\/wp-content\/uploads\/2024\/09\/IMG_2243-768x576.jpg 768w, https:\/\/panda-edu.at\/wordpress\/wp-content\/uploads\/2024\/09\/IMG_2243-1536x1152.jpg 1536w, https:\/\/panda-edu.at\/wordpress\/wp-content\/uploads\/2024\/09\/IMG_2243-2048x1536.jpg 2048w\" sizes=\"auto, (max-width: 2500px) 100vw, 2500px\" \/><\/a><\/figure>\n<\/div>\n<\/div>\n\n\n\n<hr class=\"wp-block-separator has-text-color has-contrast-2-color has-alpha-channel-opacity has-contrast-2-background-color has-background is-style-wide\" style=\"margin-top:50px;margin-bottom:50px\"\/>\n\n\n\n<div class=\"wp-block-columns alignwide is-layout-flex wp-container-core-columns-is-layout-d1c656ed wp-block-columns-is-layout-flex\">\n<div class=\"wp-block-column is-vertically-aligned-center is-layout-flow wp-block-column-is-layout-flow\" style=\"flex-basis:60%\">\n<h3 class=\"wp-block-heading is-style-default\" style=\"margin-bottom:var(--wp--preset--spacing--10)\">Digital-Fit PLUS: <br><strong>Digitale Tools f\u00fcr den Alltag<\/strong><\/h3>\n\n\n\n<ul style=\"line-height:1.75\" class=\"wp-block-list is-style-checkmark-list\">\n<li>Sicherer Umgang mit KI, Kalender &amp; Online-Services<\/li>\n\n\n\n<li>Einf\u00fchrung in ChatGPT, DeepL, Google Lens &amp; Co<\/li>\n\n\n\n<li>Digitale \u00c4mter &amp; Privatsph\u00e4re im Alltag nutzen<\/li>\n<\/ul>\n\n\n\n<div class=\"wp-block-buttons is-content-justification-center is-layout-flex wp-container-core-buttons-is-layout-ecbaa6a1 wp-block-buttons-is-layout-flex\" style=\"margin-top:var(--wp--preset--spacing--10)\">\n<div class=\"wp-block-button has-custom-width wp-block-button__width-100 is-style-outline is-style-outline--9\"><a class=\"wp-block-button__link wp-element-button\" href=\"https:\/\/panda-edu.at\/wordpress\/digitale-tools-fur-den-alltag\/\">Weitere Informationen\u2197<\/a><\/div>\n<\/div>\n<\/div>\n\n\n\n<div class=\"wp-block-column is-layout-flow wp-block-column-is-layout-flow\" style=\"flex-basis:50%\">\n<figure class=\"wp-block-image size-full is-style-rounded is-style-rounded--10\"><a href=\"https:\/\/panda-edu.at\/wordpress\/digitale-tools-fur-den-alltag\/\"><img loading=\"lazy\" decoding=\"async\" width=\"2500\" height=\"1667\" src=\"https:\/\/panda-edu.at\/wordpress\/wp-content\/uploads\/2024\/09\/Security-Banner.jpeg\" alt=\"\" class=\"wp-image-455\" style=\"aspect-ratio:4\/3;object-fit:cover\" srcset=\"https:\/\/panda-edu.at\/wordpress\/wp-content\/uploads\/2024\/09\/Security-Banner.jpeg 2500w, https:\/\/panda-edu.at\/wordpress\/wp-content\/uploads\/2024\/09\/Security-Banner-300x200.jpeg 300w, https:\/\/panda-edu.at\/wordpress\/wp-content\/uploads\/2024\/09\/Security-Banner-1024x683.jpeg 1024w, https:\/\/panda-edu.at\/wordpress\/wp-content\/uploads\/2024\/09\/Security-Banner-768x512.jpeg 768w, https:\/\/panda-edu.at\/wordpress\/wp-content\/uploads\/2024\/09\/Security-Banner-1536x1024.jpeg 1536w, https:\/\/panda-edu.at\/wordpress\/wp-content\/uploads\/2024\/09\/Security-Banner-2048x1366.jpeg 2048w\" sizes=\"auto, (max-width: 2500px) 100vw, 2500px\" \/><\/a><\/figure>\n<\/div>\n<\/div>\n<\/div>\n\n\n\n<p><\/p>\n","protected":false},"excerpt":{"rendered":"<p>Willkommen bei Panda Edu! Wo Bildung und Technologie Hand in Hand gehen. Aktuell bieten wir unsere Workshop nur im Rahmen der &#8220;Digital \u00dcberall&#8220;-Initiative an Im Rahmen dieser Initiative werden die Workshops zu 100% gef\u00f6rdert und sind daher f\u00fcr alle Teilnehmenden und der buchenden Organisation&nbsp;kostenfrei! F\u00fcr Gemeinden, Vereine und Organisationen: Sie sind eine Organisation, Verein o.\u00c4. [&hellip;]<\/p>\n","protected":false},"author":1,"featured_media":0,"parent":0,"menu_order":0,"comment_status":"closed","ping_status":"closed","template":"","meta":{"footnotes":""},"class_list":["post-12","page","type-page","status-publish","hentry"],"_links":{"self":[{"href":"https:\/\/panda-edu.at\/wordpress\/wp-json\/wp\/v2\/pages\/12","targetHints":{"allow":["GET"]}}],"collection":[{"href":"https:\/\/panda-edu.at\/wordpress\/wp-json\/wp\/v2\/pages"}],"about":[{"href":"https:\/\/panda-edu.at\/wordpress\/wp-json\/wp\/v2\/types\/page"}],"author":[{"embeddable":true,"href":"https:\/\/panda-edu.at\/wordpress\/wp-json\/wp\/v2\/users\/1"}],"replies":[{"embeddable":true,"href":"https:\/\/panda-edu.at\/wordpress\/wp-json\/wp\/v2\/comments?post=12"}],"version-history":[{"count":139,"href":"https:\/\/panda-edu.at\/wordpress\/wp-json\/wp\/v2\/pages\/12\/revisions"}],"predecessor-version":[{"id":553,"href":"https:\/\/panda-edu.at\/wordpress\/wp-json\/wp\/v2\/pages\/12\/revisions\/553"}],"wp:attachment":[{"href":"https:\/\/panda-edu.at\/wordpress\/wp-json\/wp\/v2\/media?parent=12"}],"curies":[{"name":"wp","href":"https:\/\/api.w.org\/{rel}","templated":true}]}}